{"id":3856026,"date":"2026-03-28T01:03:14","date_gmt":"2026-03-28T00:03:14","guid":{"rendered":"https:\/\/streetmarkets.fr\/app\/produit\/keen-jasper-w-java-black\/"},"modified":"2026-05-06T02:05:08","modified_gmt":"2026-05-06T00:05:08","slug":"keen-jasper-w-java-black","status":"publish","type":"product","link":"https:\/\/streetmarkets.fr\/app\/produit\/keen-jasper-w-java-black\/","title":{"rendered":"KEEN JASPER W Java Black"},"content":{"rendered":"<p><strong>Cr\u00e9ateur :<\/strong> Keen, Etats-Unis<\/p>\n<p><strong>R\u00e9alisation : <\/strong>JASPER<\/p>\n<p id=\"tw-target-text\" class=\"tw-data-text tw-text-large tw-ta\" dir=\"ltr\" data-placeholder=\"Traduction\" data-ved=\"2ahUKEwjkh9W5qZCJAxU-TKQEHY4SNy4Q3ewLegQICxAU\" aria-label=\"Texte traduit\u00a0: Tige en daim Doublure en mesh respirant Semelle ext\u00e9rieure en caoutchouc non marquant\"><span class=\"Y2IQFc\" lang=\"fr\">Tige en daim Doublure en mesh respirant Semelle ext\u00e9rieure en caoutchouc non marquant<\/span><\/p>\n<p id=\"tw-target-text\" class=\"tw-data-text tw-text-large tw-ta\" dir=\"ltr\" data-placeholder=\"Traduction\" data-ved=\"2ahUKEwjkh9W5qZCJAxU-TKQEHY4SNy4Q3ewLegQICxAU\" aria-label=\"Texte traduit\u00a0: JASPER WP by Keen Suede upper Breathable mesh lining Non-marking rubber outsole\"><em><span class=\"Y2IQFc\" lang=\"en\">JASPER Suede upper Breathable mesh lining Non-marking rubber outsole<\/span><\/em><\/p>\n","protected":false},"excerpt":{"rendered":"<p>Cr\u00e9ateur : Keen, Etats-Unis R\u00e9alisation : JASPER Tige en daim Doublure en mesh respirant Semelle ext\u00e9rieure en caoutchouc non marquant JASPER Suede upper Breathable mesh lining Non-marking rubber outsole<\/p>\n","protected":false},"featured_media":3856027,"comment_status":"open","ping_status":"closed","template":"","meta":[],"product_brand":[],"product_cat":[],"product_tag":[],"acf":[],"_links":{"self":[{"href":"https:\/\/streetmarkets.fr\/app\/wp-json\/wp\/v2\/product\/3856026"}],"collection":[{"href":"https:\/\/streetmarkets.fr\/app\/wp-json\/wp\/v2\/product"}],"about":[{"href":"https:\/\/streetmarkets.fr\/app\/wp-json\/wp\/v2\/types\/product"}],"replies":[{"embeddable":true,"href":"https:\/\/streetmarkets.fr\/app\/wp-json\/wp\/v2\/comments?post=3856026"}],"wp:featuredmedia":[{"embeddable":true,"href":"https:\/\/streetmarkets.fr\/app\/wp-json\/wp\/v2\/media\/3856027"}],"wp:attachment":[{"href":"https:\/\/streetmarkets.fr\/app\/wp-json\/wp\/v2\/media?parent=3856026"}],"wp:term":[{"taxonomy":"product_brand","embeddable":true,"href":"https:\/\/streetmarkets.fr\/app\/wp-json\/wp\/v2\/product_brand?post=3856026"},{"taxonomy":"product_cat","embeddable":true,"href":"https:\/\/streetmarkets.fr\/app\/wp-json\/wp\/v2\/product_cat?post=3856026"},{"taxonomy":"product_tag","embeddable":true,"href":"https:\/\/streetmarkets.fr\/app\/wp-json\/wp\/v2\/product_tag?post=3856026"}],"curies":[{"name":"wp","href":"https:\/\/api.w.org\/{rel}","templated":true}]}}