{"id":3855778,"date":"2026-03-28T00:54:10","date_gmt":"2026-03-27T23:54:10","guid":{"rendered":"https:\/\/streetmarkets.fr\/app\/produit\/veste-bandes-multicolores-s26-femme-deep-denim-blue\/"},"modified":"2026-05-17T01:37:41","modified_gmt":"2026-05-16T23:37:41","slug":"veste-bandes-multicolores-s26-femme-deep-denim-blue","status":"publish","type":"product","link":"https:\/\/streetmarkets.fr\/app\/produit\/veste-bandes-multicolores-s26-femme-deep-denim-blue\/","title":{"rendered":"Veste Bandes Multicolores (S26\/ FEMME\/ Deep Denim Blue)"},"content":{"rendered":"<p>Le classique r\u00e9invent\u00e9 avec une touche de couleur. Cette veste en Denim 100% Coton pr\u00e9sente une coupe regular et courte. Elle se distingue par les larges bandes multicolores.<\/p>\n<p>&#8211; Veste en denim pour femme<br \/>\n<br \/>&#8211; Bandes multicolores sur les manches<br \/>\n<br \/>&#8211; Mati\u00e8re : Denim (100% Coton)<br \/>\n<br \/>&#8211; Fermeture boutonn\u00e9e<br \/>\n<br \/>&#8211; Deux poches poitrine \u00e0 rabat<br \/>\n<br \/>&#8211; Coupe regular<\/p>\n","protected":false},"excerpt":{"rendered":"<p>Le classique r\u00e9invent\u00e9 avec une touche de couleur. Cette veste en Denim 100% Coton pr\u00e9sente une coupe regular et courte. Elle se distingue par les larges bandes multicolores. &#8211; Veste en denim pour femme &#8211; Bandes multicolores sur les manches &#8211; Mati\u00e8re : Denim (100% Coton) &#8211; Fermeture boutonn\u00e9e &#8211; Deux poches poitrine \u00e0 rabat [&hellip;]<\/p>\n","protected":false},"featured_media":3855779,"comment_status":"open","ping_status":"closed","template":"","meta":[],"product_brand":[6868],"product_cat":[],"product_tag":[],"acf":[],"_links":{"self":[{"href":"https:\/\/streetmarkets.fr\/app\/wp-json\/wp\/v2\/product\/3855778"}],"collection":[{"href":"https:\/\/streetmarkets.fr\/app\/wp-json\/wp\/v2\/product"}],"about":[{"href":"https:\/\/streetmarkets.fr\/app\/wp-json\/wp\/v2\/types\/product"}],"replies":[{"embeddable":true,"href":"https:\/\/streetmarkets.fr\/app\/wp-json\/wp\/v2\/comments?post=3855778"}],"wp:featuredmedia":[{"embeddable":true,"href":"https:\/\/streetmarkets.fr\/app\/wp-json\/wp\/v2\/media\/3855779"}],"wp:attachment":[{"href":"https:\/\/streetmarkets.fr\/app\/wp-json\/wp\/v2\/media?parent=3855778"}],"wp:term":[{"taxonomy":"product_brand","embeddable":true,"href":"https:\/\/streetmarkets.fr\/app\/wp-json\/wp\/v2\/product_brand?post=3855778"},{"taxonomy":"product_cat","embeddable":true,"href":"https:\/\/streetmarkets.fr\/app\/wp-json\/wp\/v2\/product_cat?post=3855778"},{"taxonomy":"product_tag","embeddable":true,"href":"https:\/\/streetmarkets.fr\/app\/wp-json\/wp\/v2\/product_tag?post=3855778"}],"curies":[{"name":"wp","href":"https:\/\/api.w.org\/{rel}","templated":true}]}}