{"id":3855737,"date":"2026-03-28T00:54:07","date_gmt":"2026-03-27T23:54:07","guid":{"rendered":"https:\/\/streetmarkets.fr\/app\/produit\/t-shirt-imprime-copacabana-vacation-club-s26-homme-sable\/"},"modified":"2026-05-10T01:57:43","modified_gmt":"2026-05-09T23:57:43","slug":"t-shirt-imprime-copacabana-vacation-club-s26-homme-sable","status":"publish","type":"product","link":"https:\/\/streetmarkets.fr\/app\/produit\/t-shirt-imprime-copacabana-vacation-club-s26-homme-sable\/","title":{"rendered":"T-shirt Imprim\u00e9 &#8220;Copacabana Vacation Club&#8221; (S26 \/ HOMME \/ Sable)"},"content":{"rendered":"<p>Incontournable de notre collection d&#8217;\u00e9t\u00e9 inspir\u00e9e par le Br\u00e9sil, ce t-shirt en coton capture l&#8217;\u00e9nergie vibrante de Rio. Il se distingue par son large imprim\u00e9 &#8220;Copacabana Vacation Club&#8221; au dos, pour un look d\u00e9contract\u00e9 qui appelle \u00e0 l&#8217;\u00e9vasion. Le graphisme est compl\u00e9t\u00e9 par un rappel du m\u00eame imprim\u00e9 sur la poitrine.<\/p>\n<p>&#8211; T-shirt \u00e0 manches courtes en coton<br \/>\n<br \/>&#8211; Col rond<br \/>\n<br \/>&#8211; Imprim\u00e9 graphique &#8220;Copacabana Vacation Club&#8221; au dos<br \/>\n<br \/>&#8211; Rappel de l&#8217;imprim\u00e9 sur la poitrine<br \/>\n<br \/>&#8211; Coupe regular<br \/>\n<br \/>&#8211; 100% Coton<\/p>\n","protected":false},"excerpt":{"rendered":"<p>Incontournable de notre collection d&#8217;\u00e9t\u00e9 inspir\u00e9e par le Br\u00e9sil, ce t-shirt en coton capture l&#8217;\u00e9nergie vibrante de Rio. Il se distingue par son large imprim\u00e9 &#8220;Copacabana Vacation Club&#8221; au dos, pour un look d\u00e9contract\u00e9 qui appelle \u00e0 l&#8217;\u00e9vasion. Le graphisme est compl\u00e9t\u00e9 par un rappel du m\u00eame imprim\u00e9 sur la poitrine. &#8211; T-shirt \u00e0 manches [&hellip;]<\/p>\n","protected":false},"featured_media":3855738,"comment_status":"open","ping_status":"closed","template":"","meta":[],"product_brand":[6868],"product_cat":[],"product_tag":[],"acf":[],"_links":{"self":[{"href":"https:\/\/streetmarkets.fr\/app\/wp-json\/wp\/v2\/product\/3855737"}],"collection":[{"href":"https:\/\/streetmarkets.fr\/app\/wp-json\/wp\/v2\/product"}],"about":[{"href":"https:\/\/streetmarkets.fr\/app\/wp-json\/wp\/v2\/types\/product"}],"replies":[{"embeddable":true,"href":"https:\/\/streetmarkets.fr\/app\/wp-json\/wp\/v2\/comments?post=3855737"}],"wp:featuredmedia":[{"embeddable":true,"href":"https:\/\/streetmarkets.fr\/app\/wp-json\/wp\/v2\/media\/3855738"}],"wp:attachment":[{"href":"https:\/\/streetmarkets.fr\/app\/wp-json\/wp\/v2\/media?parent=3855737"}],"wp:term":[{"taxonomy":"product_brand","embeddable":true,"href":"https:\/\/streetmarkets.fr\/app\/wp-json\/wp\/v2\/product_brand?post=3855737"},{"taxonomy":"product_cat","embeddable":true,"href":"https:\/\/streetmarkets.fr\/app\/wp-json\/wp\/v2\/product_cat?post=3855737"},{"taxonomy":"product_tag","embeddable":true,"href":"https:\/\/streetmarkets.fr\/app\/wp-json\/wp\/v2\/product_tag?post=3855737"}],"curies":[{"name":"wp","href":"https:\/\/api.w.org\/{rel}","templated":true}]}}