{"id":3855482,"date":"2026-03-28T00:18:49","date_gmt":"2026-03-27T23:18:49","guid":{"rendered":"https:\/\/streetmarkets.fr\/app\/produit\/carre-de-soie-bandana-cotes-basques\/"},"modified":"2026-05-06T01:17:59","modified_gmt":"2026-05-05T23:17:59","slug":"carre-de-soie-bandana-cotes-basques","status":"publish","type":"product","link":"https:\/\/streetmarkets.fr\/app\/produit\/carre-de-soie-bandana-cotes-basques\/","title":{"rendered":"Carr\u00e9 de soie Bandana C\u00f4tes Basques"},"content":{"rendered":"<p><span style=\"text-decoration: underline\"><strong><a href=\"https:\/\/frenchtouche.com\/collections\/soie-meme\" title=\"Collection Soie-M\u00eame\">Collection Soie-M\u00eame<\/a><\/strong><\/span><\/p>\n<p>Carr\u00e9 de soie imprim\u00e9<br \/>Environ 55 x 55 cm<\/p>\n<p><span>Illustration originale r\u00e9alis\u00e9e \u00e0 la main par Acilay, la cr\u00e9atrice de la marque, puis transf\u00e9r\u00e9e num\u00e9riquement. Ce foulard est produit en petites quantit\u00e9s de mani\u00e8re \u00e9thique dans sa ville natale en Turquie.<\/span><br data-v-568ba734=\"\"><br data-v-568ba734=\"\"><span>Les bords sont roulott\u00e9s main.<\/span><\/p>\n","protected":false},"excerpt":{"rendered":"<p>Collection Soie-M\u00eame Carr\u00e9 de soie imprim\u00e9Environ 55 x 55 cm Illustration originale r\u00e9alis\u00e9e \u00e0 la main par Acilay, la cr\u00e9atrice de la marque, puis transf\u00e9r\u00e9e num\u00e9riquement. Ce foulard est produit en petites quantit\u00e9s de mani\u00e8re \u00e9thique dans sa ville natale en Turquie.Les bords sont roulott\u00e9s main.<\/p>\n","protected":false},"featured_media":3855483,"comment_status":"open","ping_status":"closed","template":"","meta":[],"product_brand":[],"product_cat":[],"product_tag":[],"acf":[],"_links":{"self":[{"href":"https:\/\/streetmarkets.fr\/app\/wp-json\/wp\/v2\/product\/3855482"}],"collection":[{"href":"https:\/\/streetmarkets.fr\/app\/wp-json\/wp\/v2\/product"}],"about":[{"href":"https:\/\/streetmarkets.fr\/app\/wp-json\/wp\/v2\/types\/product"}],"replies":[{"embeddable":true,"href":"https:\/\/streetmarkets.fr\/app\/wp-json\/wp\/v2\/comments?post=3855482"}],"wp:featuredmedia":[{"embeddable":true,"href":"https:\/\/streetmarkets.fr\/app\/wp-json\/wp\/v2\/media\/3855483"}],"wp:attachment":[{"href":"https:\/\/streetmarkets.fr\/app\/wp-json\/wp\/v2\/media?parent=3855482"}],"wp:term":[{"taxonomy":"product_brand","embeddable":true,"href":"https:\/\/streetmarkets.fr\/app\/wp-json\/wp\/v2\/product_brand?post=3855482"},{"taxonomy":"product_cat","embeddable":true,"href":"https:\/\/streetmarkets.fr\/app\/wp-json\/wp\/v2\/product_cat?post=3855482"},{"taxonomy":"product_tag","embeddable":true,"href":"https:\/\/streetmarkets.fr\/app\/wp-json\/wp\/v2\/product_tag?post=3855482"}],"curies":[{"name":"wp","href":"https:\/\/api.w.org\/{rel}","templated":true}]}}