{"id":3855329,"date":"2026-03-27T07:40:52","date_gmt":"2026-03-27T06:40:52","guid":{"rendered":"https:\/\/streetmarkets.fr\/app\/produit\/blouse-luxe-noir-g-kero\/"},"modified":"2026-05-05T08:40:28","modified_gmt":"2026-05-05T06:40:28","slug":"blouse-luxe-noir-g-kero","status":"publish","type":"product","link":"https:\/\/streetmarkets.fr\/app\/produit\/blouse-luxe-noir-g-kero\/","title":{"rendered":"Blouse luxe noir &#8211; G.Kero"},"content":{"rendered":"<ul>\n<li>Blouse en viscose fluide avec coupe \u00e9vas\u00e9e.<\/li>\n<li>Manches 3\/4 bouffantes.\u00a0<\/li>\n<\/ul>\n<p><span>Pi\u00e8ce \u00e9dit\u00e9e en s\u00e9rie limit\u00e9e et num\u00e9rot\u00e9e. Le num\u00e9ro de votre pi\u00e8ce est inscrit sur une etiquette \u00e0 l\u2019int\u00e9rieur de votre v\u00eatement.<\/span><\/p>\n<p><span>\u00a0<\/span><\/p>\n<p>\u00a0<\/p>\n","protected":false},"excerpt":{"rendered":"<p>Blouse en viscose fluide avec coupe \u00e9vas\u00e9e. Manches 3\/4 bouffantes.\u00a0 Pi\u00e8ce \u00e9dit\u00e9e en s\u00e9rie limit\u00e9e et num\u00e9rot\u00e9e. Le num\u00e9ro de votre pi\u00e8ce est inscrit sur une etiquette \u00e0 l\u2019int\u00e9rieur de votre v\u00eatement. \u00a0 \u00a0<\/p>\n","protected":false},"featured_media":3855330,"comment_status":"open","ping_status":"closed","template":"","meta":[],"product_brand":[],"product_cat":[],"product_tag":[],"acf":[],"_links":{"self":[{"href":"https:\/\/streetmarkets.fr\/app\/wp-json\/wp\/v2\/product\/3855329"}],"collection":[{"href":"https:\/\/streetmarkets.fr\/app\/wp-json\/wp\/v2\/product"}],"about":[{"href":"https:\/\/streetmarkets.fr\/app\/wp-json\/wp\/v2\/types\/product"}],"replies":[{"embeddable":true,"href":"https:\/\/streetmarkets.fr\/app\/wp-json\/wp\/v2\/comments?post=3855329"}],"wp:featuredmedia":[{"embeddable":true,"href":"https:\/\/streetmarkets.fr\/app\/wp-json\/wp\/v2\/media\/3855330"}],"wp:attachment":[{"href":"https:\/\/streetmarkets.fr\/app\/wp-json\/wp\/v2\/media?parent=3855329"}],"wp:term":[{"taxonomy":"product_brand","embeddable":true,"href":"https:\/\/streetmarkets.fr\/app\/wp-json\/wp\/v2\/product_brand?post=3855329"},{"taxonomy":"product_cat","embeddable":true,"href":"https:\/\/streetmarkets.fr\/app\/wp-json\/wp\/v2\/product_cat?post=3855329"},{"taxonomy":"product_tag","embeddable":true,"href":"https:\/\/streetmarkets.fr\/app\/wp-json\/wp\/v2\/product_tag?post=3855329"}],"curies":[{"name":"wp","href":"https:\/\/api.w.org\/{rel}","templated":true}]}}