{"id":3855316,"date":"2026-03-27T07:40:50","date_gmt":"2026-03-27T06:40:50","guid":{"rendered":"https:\/\/streetmarkets.fr\/app\/produit\/bracelet-mike-dore-hanka-in\/"},"modified":"2026-05-05T08:40:28","modified_gmt":"2026-05-05T06:40:28","slug":"bracelet-mike-dore-hanka-in","status":"publish","type":"product","link":"https:\/\/streetmarkets.fr\/app\/produit\/bracelet-mike-dore-hanka-in\/","title":{"rendered":"Bracelet Mike dor\u00e9 &#8211; Hanka In"},"content":{"rendered":"<p>Maillons rectangulaires dor\u00e9es, fermoir mousqueton<\/p>\n<p>Cr\u00e9atrice fran\u00e7aise, bijoux dessin\u00e9s et mont\u00e9s en atelier parisien.\u00a0<\/p>\n<p data-mce-fragment=\"1\">\u00a0<\/p>\n","protected":false},"excerpt":{"rendered":"<p>Maillons rectangulaires dor\u00e9es, fermoir mousqueton Cr\u00e9atrice fran\u00e7aise, bijoux dessin\u00e9s et mont\u00e9s en atelier parisien.\u00a0 \u00a0<\/p>\n","protected":false},"featured_media":3855317,"comment_status":"open","ping_status":"closed","template":"","meta":[],"product_brand":[],"product_cat":[],"product_tag":[],"acf":[],"_links":{"self":[{"href":"https:\/\/streetmarkets.fr\/app\/wp-json\/wp\/v2\/product\/3855316"}],"collection":[{"href":"https:\/\/streetmarkets.fr\/app\/wp-json\/wp\/v2\/product"}],"about":[{"href":"https:\/\/streetmarkets.fr\/app\/wp-json\/wp\/v2\/types\/product"}],"replies":[{"embeddable":true,"href":"https:\/\/streetmarkets.fr\/app\/wp-json\/wp\/v2\/comments?post=3855316"}],"wp:featuredmedia":[{"embeddable":true,"href":"https:\/\/streetmarkets.fr\/app\/wp-json\/wp\/v2\/media\/3855317"}],"wp:attachment":[{"href":"https:\/\/streetmarkets.fr\/app\/wp-json\/wp\/v2\/media?parent=3855316"}],"wp:term":[{"taxonomy":"product_brand","embeddable":true,"href":"https:\/\/streetmarkets.fr\/app\/wp-json\/wp\/v2\/product_brand?post=3855316"},{"taxonomy":"product_cat","embeddable":true,"href":"https:\/\/streetmarkets.fr\/app\/wp-json\/wp\/v2\/product_cat?post=3855316"},{"taxonomy":"product_tag","embeddable":true,"href":"https:\/\/streetmarkets.fr\/app\/wp-json\/wp\/v2\/product_tag?post=3855316"}],"curies":[{"name":"wp","href":"https:\/\/api.w.org\/{rel}","templated":true}]}}