{"id":3855309,"date":"2026-03-27T07:40:41","date_gmt":"2026-03-27T06:40:41","guid":{"rendered":"https:\/\/streetmarkets.fr\/app\/produit\/chemise-vanille-joee\/"},"modified":"2026-05-10T08:39:53","modified_gmt":"2026-05-10T06:39:53","slug":"chemise-vanille-joee","status":"publish","type":"product","link":"https:\/\/streetmarkets.fr\/app\/produit\/chemise-vanille-joee\/","title":{"rendered":"Chemise Vanille &#8211; Jo\u00e9e"},"content":{"rendered":"<p>Col chemise \u00e0 carreaux l\u00e9g\u00e8rement gauffr\u00e9 coloris miel\u00a0<\/p>\n<p>Taille unique convenant aux tailles 38 \u00e0 42<\/p>\n<p>100% coton<\/p>\n<p>Jo\u00e9e vous propose un vestiaire en s\u00e9ries limit\u00e9es et en tissu de belle qualit\u00e9\u00a0<\/p>\n<p>Fabrication Europe\u00a0<\/p>\n","protected":false},"excerpt":{"rendered":"<p>Col chemise \u00e0 carreaux l\u00e9g\u00e8rement gauffr\u00e9 coloris miel\u00a0 Taille unique convenant aux tailles 38 \u00e0 42 100% coton Jo\u00e9e vous propose un vestiaire en s\u00e9ries limit\u00e9es et en tissu de belle qualit\u00e9\u00a0 Fabrication Europe\u00a0<\/p>\n","protected":false},"featured_media":3855310,"comment_status":"open","ping_status":"closed","template":"","meta":[],"product_brand":[],"product_cat":[],"product_tag":[],"acf":[],"_links":{"self":[{"href":"https:\/\/streetmarkets.fr\/app\/wp-json\/wp\/v2\/product\/3855309"}],"collection":[{"href":"https:\/\/streetmarkets.fr\/app\/wp-json\/wp\/v2\/product"}],"about":[{"href":"https:\/\/streetmarkets.fr\/app\/wp-json\/wp\/v2\/types\/product"}],"replies":[{"embeddable":true,"href":"https:\/\/streetmarkets.fr\/app\/wp-json\/wp\/v2\/comments?post=3855309"}],"wp:featuredmedia":[{"embeddable":true,"href":"https:\/\/streetmarkets.fr\/app\/wp-json\/wp\/v2\/media\/3855310"}],"wp:attachment":[{"href":"https:\/\/streetmarkets.fr\/app\/wp-json\/wp\/v2\/media?parent=3855309"}],"wp:term":[{"taxonomy":"product_brand","embeddable":true,"href":"https:\/\/streetmarkets.fr\/app\/wp-json\/wp\/v2\/product_brand?post=3855309"},{"taxonomy":"product_cat","embeddable":true,"href":"https:\/\/streetmarkets.fr\/app\/wp-json\/wp\/v2\/product_cat?post=3855309"},{"taxonomy":"product_tag","embeddable":true,"href":"https:\/\/streetmarkets.fr\/app\/wp-json\/wp\/v2\/product_tag?post=3855309"}],"curies":[{"name":"wp","href":"https:\/\/api.w.org\/{rel}","templated":true}]}}