{"id":3850754,"date":"2026-03-27T00:59:11","date_gmt":"2026-03-26T23:59:11","guid":{"rendered":"https:\/\/streetmarkets.fr\/app\/produit\/universal-works-pleated-track-pant-in-black-tropical-suiting-copie\/"},"modified":"2026-05-13T02:03:36","modified_gmt":"2026-05-13T00:03:36","slug":"universal-works-pleated-track-pant-in-black-tropical-suiting-copie","status":"publish","type":"product","link":"https:\/\/streetmarkets.fr\/app\/produit\/universal-works-pleated-track-pant-in-black-tropical-suiting-copie\/","title":{"rendered":"UNIVERSAL WORKS Pleated Track Pant In Black Tropical Suiting (Copie)"},"content":{"rendered":"<p><b>Cr\u00e9ateur :<\/b> Universal Works<\/p>\n<p><b>R\u00e9alisation : <\/b>Tiss\u00e9 au Portugal, le \u00ab Tropical Suiting \u00bb est devenu un incontournable du printemps-\u00e9t\u00e9 ces derni\u00e8res ann\u00e9es. Ce tissu ultra fin avec son m\u00e9lange de polyester et de laine est vraiment le meilleur des deux mondes. L&rsquo;utilisation intelligente de fibres traditionnelles et innovantes en fait un v\u00eatement facile \u00e0 porter, m\u00eame lorsqu&rsquo;il fait bien chaud dehors, d&rsquo;o\u00f9 la partie \u00ab Tropical \u00bb. R\u00e9gulateur de chaleur, durable, infroissable et \u00e0 s\u00e9chage rapide, \u00ab Tropical Suiting \u00bb est propre, minimaliste et naturellement frais.<\/p>\n<p>Coupe confortable et ample au niveau des jambes et des hanches.<\/p>\n<p>Jambe effil\u00e9e jusqu&rsquo;\u00e0 l&rsquo;ourlet.<\/p>\n<p>Taille moyenne.<\/p>\n<p>Deux poches avant.<\/p>\n<p>Deux poches arri\u00e8re ; un rabat \u00e0 bouton.<\/p>\n<p>Composition du tissu : 55 % polyester, 45 % laine.<\/p>\n<p>Code produit : 34141<\/p>\n","protected":false},"excerpt":{"rendered":"<p>Cr\u00e9ateur : Universal Works R\u00e9alisation : Tiss\u00e9 au Portugal, le \u00ab Tropical Suiting \u00bb est devenu un incontournable du printemps-\u00e9t\u00e9 ces derni\u00e8res ann\u00e9es. Ce tissu ultra fin avec son m\u00e9lange de polyester et de laine est vraiment le meilleur des deux mondes. L&rsquo;utilisation intelligente de fibres traditionnelles et innovantes en fait un v\u00eatement facile \u00e0 [&hellip;]<\/p>\n","protected":false},"featured_media":3850755,"comment_status":"open","ping_status":"closed","template":"","meta":[],"product_brand":[],"product_cat":[],"product_tag":[],"acf":[],"_links":{"self":[{"href":"https:\/\/streetmarkets.fr\/app\/wp-json\/wp\/v2\/product\/3850754"}],"collection":[{"href":"https:\/\/streetmarkets.fr\/app\/wp-json\/wp\/v2\/product"}],"about":[{"href":"https:\/\/streetmarkets.fr\/app\/wp-json\/wp\/v2\/types\/product"}],"replies":[{"embeddable":true,"href":"https:\/\/streetmarkets.fr\/app\/wp-json\/wp\/v2\/comments?post=3850754"}],"wp:featuredmedia":[{"embeddable":true,"href":"https:\/\/streetmarkets.fr\/app\/wp-json\/wp\/v2\/media\/3850755"}],"wp:attachment":[{"href":"https:\/\/streetmarkets.fr\/app\/wp-json\/wp\/v2\/media?parent=3850754"}],"wp:term":[{"taxonomy":"product_brand","embeddable":true,"href":"https:\/\/streetmarkets.fr\/app\/wp-json\/wp\/v2\/product_brand?post=3850754"},{"taxonomy":"product_cat","embeddable":true,"href":"https:\/\/streetmarkets.fr\/app\/wp-json\/wp\/v2\/product_cat?post=3850754"},{"taxonomy":"product_tag","embeddable":true,"href":"https:\/\/streetmarkets.fr\/app\/wp-json\/wp\/v2\/product_tag?post=3850754"}],"curies":[{"name":"wp","href":"https:\/\/api.w.org\/{rel}","templated":true}]}}