{"id":3850739,"date":"2026-03-27T00:59:10","date_gmt":"2026-03-26T23:59:10","guid":{"rendered":"https:\/\/streetmarkets.fr\/app\/produit\/universal-works-military-pant-tropical-suiting-navy\/"},"modified":"2026-05-09T02:03:12","modified_gmt":"2026-05-09T00:03:12","slug":"universal-works-military-pant-tropical-suiting-navy","status":"publish","type":"product","link":"https:\/\/streetmarkets.fr\/app\/produit\/universal-works-military-pant-tropical-suiting-navy\/","title":{"rendered":"UNIVERSAL WORKS MILITARY PANT Tropical Suiting Navy"},"content":{"rendered":"<p><b>Cr\u00e9ateur :<\/b> Universal Works<\/p>\n<p><b>R\u00e9alisation : <\/b><span class=\"Y2IQFc\" lang=\"fr\">Coupe ample et confortable aux hanches et aux cuisses. Jambes fusel\u00e9es jusqu&rsquo;\u00e0 l&rsquo;ourlet. Taille mi-haute. Braguette boutonn\u00e9e. Deux poches avant. Deux poches arri\u00e8re passepoil\u00e9es boutonn\u00e9es.<\/span><\/p>\n<p><b><\/b><span class=\"Y2IQFc\" lang=\"fr\">Composition : 55 % polyester, 45 % laine.<\/span><\/p>\n<p><b><\/b>Code produit : 34137<\/p>\n<p><em><span class=\"Y2IQFc\" lang=\"en\"><strong>Detail : <\/strong><\/span><span class=\"Y2IQFc\" lang=\"en\">Loose, comfortable fit through the hips and thighs. Tapered legs to the hem. Mid-rise waist. Button fly. Two front pockets. Two buttoned welt back pockets.<\/span><\/em><\/p>\n","protected":false},"excerpt":{"rendered":"<p>Cr\u00e9ateur : Universal Works R\u00e9alisation : Coupe ample et confortable aux hanches et aux cuisses. Jambes fusel\u00e9es jusqu&rsquo;\u00e0 l&rsquo;ourlet. Taille mi-haute. Braguette boutonn\u00e9e. Deux poches avant. Deux poches arri\u00e8re passepoil\u00e9es boutonn\u00e9es. Composition : 55 % polyester, 45 % laine. Code produit : 34137 Detail : Loose, comfortable fit through the hips and thighs. Tapered legs [&hellip;]<\/p>\n","protected":false},"featured_media":3850740,"comment_status":"open","ping_status":"closed","template":"","meta":[],"product_brand":[],"product_cat":[],"product_tag":[],"acf":[],"_links":{"self":[{"href":"https:\/\/streetmarkets.fr\/app\/wp-json\/wp\/v2\/product\/3850739"}],"collection":[{"href":"https:\/\/streetmarkets.fr\/app\/wp-json\/wp\/v2\/product"}],"about":[{"href":"https:\/\/streetmarkets.fr\/app\/wp-json\/wp\/v2\/types\/product"}],"replies":[{"embeddable":true,"href":"https:\/\/streetmarkets.fr\/app\/wp-json\/wp\/v2\/comments?post=3850739"}],"wp:featuredmedia":[{"embeddable":true,"href":"https:\/\/streetmarkets.fr\/app\/wp-json\/wp\/v2\/media\/3850740"}],"wp:attachment":[{"href":"https:\/\/streetmarkets.fr\/app\/wp-json\/wp\/v2\/media?parent=3850739"}],"wp:term":[{"taxonomy":"product_brand","embeddable":true,"href":"https:\/\/streetmarkets.fr\/app\/wp-json\/wp\/v2\/product_brand?post=3850739"},{"taxonomy":"product_cat","embeddable":true,"href":"https:\/\/streetmarkets.fr\/app\/wp-json\/wp\/v2\/product_cat?post=3850739"},{"taxonomy":"product_tag","embeddable":true,"href":"https:\/\/streetmarkets.fr\/app\/wp-json\/wp\/v2\/product_tag?post=3850739"}],"curies":[{"name":"wp","href":"https:\/\/api.w.org\/{rel}","templated":true}]}}