{"id":3849382,"date":"2026-03-27T00:01:35","date_gmt":"2026-03-26T23:01:35","guid":{"rendered":"https:\/\/streetmarkets.fr\/app\/produit\/eventail-p-de-boufees\/"},"modified":"2026-05-15T01:02:14","modified_gmt":"2026-05-14T23:02:14","slug":"eventail-p-de-boufees","status":"publish","type":"product","link":"https:\/\/streetmarkets.fr\/app\/produit\/eventail-p-de-boufees\/","title":{"rendered":"Eventail P* de Bouf\u00e9es"},"content":{"rendered":"<p>\u00c9ventail &#8220;P* de Bouff\u00e9es de Chaleur&#8221; : Notre arme anti-surchauffe !<br \/>On ne va pas se mentir : les bouff\u00e9es de chaleur, c\u2019est pas un mythe. Que ce soit \u00e0 cause de l\u2019\u00e9t\u00e9 ou de notre corps qui fait des siennes, on passe de z\u00e9ro \u00e0 sauna en 2 secondes. Alors on d\u00e9gaine notre \u00e9ventail &#8220;P* de Bouff\u00e9es de Chaleur&#8221;, parce qu\u2019on a d\u00e9cid\u00e9 de prendre \u00e7a avec style\u2026 et un brin d\u2019autod\u00e9rision.<\/p>\n<p>Pourquoi on le veut tout de suite :<\/p>\n<p>&#8211; Look punchy : des tons rouges et roses qui claquent, pour matcher avec notre glow naturel (volontaire ou pas).<br \/>&#8211; Toujours sous la main : avec son cordon \u00e0 porter autour du cou, on l\u2019oublie plus jamais au fond du sac.<br \/>&#8211; \u00c9co engag\u00e9 : fabriqu\u00e9 en bois issu de for\u00eats g\u00e9r\u00e9es durablement et en textile coton, pour ventiler en pleine conscience.<\/p>\n<p>Le mot de la team : On l\u2019assume \u00e0 fond. Il est dr\u00f4le, utile, canon. Et puis entre nous, c\u2019est le seul vent de fra\u00eecheur qu\u2019on veut bien recevoir en pleine face !<\/p>\n","protected":false},"excerpt":{"rendered":"<p>\u00c9ventail &#8220;P* de Bouff\u00e9es de Chaleur&#8221; : Notre arme anti-surchauffe !On ne va pas se mentir : les bouff\u00e9es de chaleur, c\u2019est pas un mythe. Que ce soit \u00e0 cause de l\u2019\u00e9t\u00e9 ou de notre corps qui fait des siennes, on passe de z\u00e9ro \u00e0 sauna en 2 secondes. Alors on d\u00e9gaine notre \u00e9ventail &#8220;P* [&hellip;]<\/p>\n","protected":false},"featured_media":3849383,"comment_status":"open","ping_status":"closed","template":"","meta":[],"product_brand":[],"product_cat":[],"product_tag":[],"acf":[],"_links":{"self":[{"href":"https:\/\/streetmarkets.fr\/app\/wp-json\/wp\/v2\/product\/3849382"}],"collection":[{"href":"https:\/\/streetmarkets.fr\/app\/wp-json\/wp\/v2\/product"}],"about":[{"href":"https:\/\/streetmarkets.fr\/app\/wp-json\/wp\/v2\/types\/product"}],"replies":[{"embeddable":true,"href":"https:\/\/streetmarkets.fr\/app\/wp-json\/wp\/v2\/comments?post=3849382"}],"wp:featuredmedia":[{"embeddable":true,"href":"https:\/\/streetmarkets.fr\/app\/wp-json\/wp\/v2\/media\/3849383"}],"wp:attachment":[{"href":"https:\/\/streetmarkets.fr\/app\/wp-json\/wp\/v2\/media?parent=3849382"}],"wp:term":[{"taxonomy":"product_brand","embeddable":true,"href":"https:\/\/streetmarkets.fr\/app\/wp-json\/wp\/v2\/product_brand?post=3849382"},{"taxonomy":"product_cat","embeddable":true,"href":"https:\/\/streetmarkets.fr\/app\/wp-json\/wp\/v2\/product_cat?post=3849382"},{"taxonomy":"product_tag","embeddable":true,"href":"https:\/\/streetmarkets.fr\/app\/wp-json\/wp\/v2\/product_tag?post=3849382"}],"curies":[{"name":"wp","href":"https:\/\/api.w.org\/{rel}","templated":true}]}}