{"id":3849355,"date":"2026-03-27T00:01:25","date_gmt":"2026-03-26T23:01:25","guid":{"rendered":"https:\/\/streetmarkets.fr\/app\/produit\/bonnet-nia-olive\/"},"modified":"2026-05-03T01:00:44","modified_gmt":"2026-05-02T23:00:44","slug":"bonnet-nia-olive","status":"publish","type":"product","link":"https:\/\/streetmarkets.fr\/app\/produit\/bonnet-nia-olive\/","title":{"rendered":"Bonnet Nia Olive"},"content":{"rendered":"<p>Bonnet Nia Olive : Parce que le froid aussi m\u00e9rite son style nordique !\u00a0<br \/>Vert olive et lignes cr\u00e8me g\u00e9om\u00e9triques, le Bonnet Nia joue la carte de la simplicit\u00e9 scandi-chic. Doux, chaud et hyper agr\u00e9able \u00e0 porter, il garde nos oreilles au chaud avec un vrai suppl\u00e9ment de style. Son revers c\u00f4tel\u00e9 qui r\u00e9chauffe nos oreilles, lui donne ce petit c\u00f4t\u00e9 structur\u00e9 qui finit parfaitement le look.<\/p>\n<p>Ce qui nous emballe :<\/p>\n<ul data-start=\"436\" data-end=\"658\">\n<li data-start=\"436\" data-end=\"508\">Son motif g\u00e9om\u00e9trique bicolore qui change des bonnets basiques.<\/li>\n<li data-start=\"509\" data-end=\"580\">Le vert olive, une couleur facile \u00e0 associer mais jamais ennuyeuse.<\/li>\n<li data-start=\"581\" data-end=\"658\">Son confort douillet qui nous accompagne de la ville aux balades d\u2019hiver.<\/li>\n<\/ul>\n","protected":false},"excerpt":{"rendered":"<p>Bonnet Nia Olive : Parce que le froid aussi m\u00e9rite son style nordique !\u00a0Vert olive et lignes cr\u00e8me g\u00e9om\u00e9triques, le Bonnet Nia joue la carte de la simplicit\u00e9 scandi-chic. Doux, chaud et hyper agr\u00e9able \u00e0 porter, il garde nos oreilles au chaud avec un vrai suppl\u00e9ment de style. Son revers c\u00f4tel\u00e9 qui r\u00e9chauffe nos oreilles, [&hellip;]<\/p>\n","protected":false},"featured_media":3849356,"comment_status":"open","ping_status":"closed","template":"","meta":[],"product_brand":[],"product_cat":[],"product_tag":[],"acf":[],"_links":{"self":[{"href":"https:\/\/streetmarkets.fr\/app\/wp-json\/wp\/v2\/product\/3849355"}],"collection":[{"href":"https:\/\/streetmarkets.fr\/app\/wp-json\/wp\/v2\/product"}],"about":[{"href":"https:\/\/streetmarkets.fr\/app\/wp-json\/wp\/v2\/types\/product"}],"replies":[{"embeddable":true,"href":"https:\/\/streetmarkets.fr\/app\/wp-json\/wp\/v2\/comments?post=3849355"}],"wp:featuredmedia":[{"embeddable":true,"href":"https:\/\/streetmarkets.fr\/app\/wp-json\/wp\/v2\/media\/3849356"}],"wp:attachment":[{"href":"https:\/\/streetmarkets.fr\/app\/wp-json\/wp\/v2\/media?parent=3849355"}],"wp:term":[{"taxonomy":"product_brand","embeddable":true,"href":"https:\/\/streetmarkets.fr\/app\/wp-json\/wp\/v2\/product_brand?post=3849355"},{"taxonomy":"product_cat","embeddable":true,"href":"https:\/\/streetmarkets.fr\/app\/wp-json\/wp\/v2\/product_cat?post=3849355"},{"taxonomy":"product_tag","embeddable":true,"href":"https:\/\/streetmarkets.fr\/app\/wp-json\/wp\/v2\/product_tag?post=3849355"}],"curies":[{"name":"wp","href":"https:\/\/api.w.org\/{rel}","templated":true}]}}