{"id":3849281,"date":"2026-03-27T00:01:20","date_gmt":"2026-03-26T23:01:20","guid":{"rendered":"https:\/\/streetmarkets.fr\/app\/produit\/foulard-liberte-bleu\/"},"modified":"2026-05-10T01:00:29","modified_gmt":"2026-05-09T23:00:29","slug":"foulard-liberte-bleu","status":"publish","type":"product","link":"https:\/\/streetmarkets.fr\/app\/produit\/foulard-liberte-bleu\/","title":{"rendered":"Foulard Libert\u00e9 Bleu"},"content":{"rendered":"<p>Libert\u00e9 en bleu ciel. Une colombe s&#8217;envole au c\u0153ur de ce carr\u00e9, entour\u00e9e de feuillages d\u00e9licats et encadr\u00e9e par des rayures corail qui dansent avec le jaune solaire.<\/p>\n<p>C&#8217;est un hymne \u00e0 la l\u00e9g\u00e8ret\u00e9, imprim\u00e9 en Inde avec soin. Nouez-le o\u00f9 bon vous semble \u2014 au cou pour une touche boh\u00e8me, dans les cheveux pour un \u00e9lan de libert\u00e9, au poignet pour une note d&#8217;\u00e9l\u00e9gance discr\u00e8te, ou sur votre sac pour une signature personnelle.\u00a0<\/p>\n<p>En voile de coton a\u00e9rien, il respire avec vous, accompagnant chaque geste d&#8217;une douceur naturelle. 85 \u00d7 85 cm de pure po\u00e9sie pour transformer l&#8217;ordinaire en extraordinaire.<\/p>\n","protected":false},"excerpt":{"rendered":"<p>Libert\u00e9 en bleu ciel. Une colombe s&#8217;envole au c\u0153ur de ce carr\u00e9, entour\u00e9e de feuillages d\u00e9licats et encadr\u00e9e par des rayures corail qui dansent avec le jaune solaire. C&#8217;est un hymne \u00e0 la l\u00e9g\u00e8ret\u00e9, imprim\u00e9 en Inde avec soin. Nouez-le o\u00f9 bon vous semble \u2014 au cou pour une touche boh\u00e8me, dans les cheveux pour [&hellip;]<\/p>\n","protected":false},"featured_media":3849282,"comment_status":"open","ping_status":"closed","template":"","meta":[],"product_brand":[],"product_cat":[],"product_tag":[],"acf":[],"_links":{"self":[{"href":"https:\/\/streetmarkets.fr\/app\/wp-json\/wp\/v2\/product\/3849281"}],"collection":[{"href":"https:\/\/streetmarkets.fr\/app\/wp-json\/wp\/v2\/product"}],"about":[{"href":"https:\/\/streetmarkets.fr\/app\/wp-json\/wp\/v2\/types\/product"}],"replies":[{"embeddable":true,"href":"https:\/\/streetmarkets.fr\/app\/wp-json\/wp\/v2\/comments?post=3849281"}],"wp:featuredmedia":[{"embeddable":true,"href":"https:\/\/streetmarkets.fr\/app\/wp-json\/wp\/v2\/media\/3849282"}],"wp:attachment":[{"href":"https:\/\/streetmarkets.fr\/app\/wp-json\/wp\/v2\/media?parent=3849281"}],"wp:term":[{"taxonomy":"product_brand","embeddable":true,"href":"https:\/\/streetmarkets.fr\/app\/wp-json\/wp\/v2\/product_brand?post=3849281"},{"taxonomy":"product_cat","embeddable":true,"href":"https:\/\/streetmarkets.fr\/app\/wp-json\/wp\/v2\/product_cat?post=3849281"},{"taxonomy":"product_tag","embeddable":true,"href":"https:\/\/streetmarkets.fr\/app\/wp-json\/wp\/v2\/product_tag?post=3849281"}],"curies":[{"name":"wp","href":"https:\/\/api.w.org\/{rel}","templated":true}]}}