{"id":3849250,"date":"2026-03-27T00:01:17","date_gmt":"2026-03-26T23:01:17","guid":{"rendered":"https:\/\/streetmarkets.fr\/app\/produit\/pull-maeva-aqua\/"},"modified":"2026-05-10T01:00:44","modified_gmt":"2026-05-09T23:00:44","slug":"pull-maeva-aqua","status":"publish","type":"product","link":"https:\/\/streetmarkets.fr\/app\/produit\/pull-maeva-aqua\/","title":{"rendered":"Pull Maeva Aqua"},"content":{"rendered":"<p>Pull Maeva Aqua : Le pull qui respire la fra\u00eecheur !\u00a0<br \/>On dirait qu\u2019une brise d\u2019\u00e9t\u00e9 s\u2019est pos\u00e9e sur votre dressing avec ce pull Maeva Aqua. Sa couleur bleu-vert d\u2019eau c&#8217;est la note fra\u00eeche de toutes vos tenues.<\/p>\n<p>Confectionn\u00e9 dans un m\u00e9lange de laine et d\u2019angora, il est doux et chaud sans jamais \u00eatre \u00e9touffant, parfait pour les journ\u00e9es o\u00f9 on veut rester confortablement styl\u00e9. La coupe oversize courte et carr\u00e9e joue avec les volumes, tandis que les manches longues et le col rond apportent \u00e9quilibre et confort. Les bords-c\u00f4tes au col et au bas du pull structurent la silhouette avec subtilit\u00e9.<\/p>\n<p>Et ce qu\u2019on adore : les broderies de petites fleurs roses et jaunes qui pars\u00e8ment d\u00e9licatement le pull, comme un mini jardin flottant sur ce fond bleu turquoise. Une fa\u00e7on subtile et ludique de rendre ce pull unique et po\u00e9tique.<\/p>\n<p>On craque pour :<\/p>\n<ul data-start=\"910\" data-end=\"1225\">\n<li data-start=\"910\" data-end=\"963\">sa mati\u00e8re laine-angora, douce et confortable<\/li>\n<li data-start=\"964\" data-end=\"1027\">son bleu turquoise frais, parfait pour les looks l\u00e9gers<\/li>\n<li data-start=\"1028\" data-end=\"1087\">sa coupe oversize courte et carr\u00e9e, facile \u00e0 porter<\/li>\n<li data-start=\"1088\" data-end=\"1152\">les broderies florales d\u00e9licates, qui ajoutent du charme<\/li>\n<li data-start=\"1153\" data-end=\"1225\">les bords-c\u00f4tes col et bas, qui structurent parfaitement le pull<\/li>\n<\/ul>\n<p><\/p>\n","protected":false},"excerpt":{"rendered":"<p>Pull Maeva Aqua : Le pull qui respire la fra\u00eecheur !\u00a0On dirait qu\u2019une brise d\u2019\u00e9t\u00e9 s\u2019est pos\u00e9e sur votre dressing avec ce pull Maeva Aqua. Sa couleur bleu-vert d\u2019eau c&#8217;est la note fra\u00eeche de toutes vos tenues. Confectionn\u00e9 dans un m\u00e9lange de laine et d\u2019angora, il est doux et chaud sans jamais \u00eatre \u00e9touffant, parfait [&hellip;]<\/p>\n","protected":false},"featured_media":3849251,"comment_status":"open","ping_status":"closed","template":"","meta":[],"product_brand":[],"product_cat":[],"product_tag":[],"acf":[],"_links":{"self":[{"href":"https:\/\/streetmarkets.fr\/app\/wp-json\/wp\/v2\/product\/3849250"}],"collection":[{"href":"https:\/\/streetmarkets.fr\/app\/wp-json\/wp\/v2\/product"}],"about":[{"href":"https:\/\/streetmarkets.fr\/app\/wp-json\/wp\/v2\/types\/product"}],"replies":[{"embeddable":true,"href":"https:\/\/streetmarkets.fr\/app\/wp-json\/wp\/v2\/comments?post=3849250"}],"wp:featuredmedia":[{"embeddable":true,"href":"https:\/\/streetmarkets.fr\/app\/wp-json\/wp\/v2\/media\/3849251"}],"wp:attachment":[{"href":"https:\/\/streetmarkets.fr\/app\/wp-json\/wp\/v2\/media?parent=3849250"}],"wp:term":[{"taxonomy":"product_brand","embeddable":true,"href":"https:\/\/streetmarkets.fr\/app\/wp-json\/wp\/v2\/product_brand?post=3849250"},{"taxonomy":"product_cat","embeddable":true,"href":"https:\/\/streetmarkets.fr\/app\/wp-json\/wp\/v2\/product_cat?post=3849250"},{"taxonomy":"product_tag","embeddable":true,"href":"https:\/\/streetmarkets.fr\/app\/wp-json\/wp\/v2\/product_tag?post=3849250"}],"curies":[{"name":"wp","href":"https:\/\/api.w.org\/{rel}","templated":true}]}}