{"id":3849236,"date":"2026-03-27T00:01:17","date_gmt":"2026-03-26T23:01:17","guid":{"rendered":"https:\/\/streetmarkets.fr\/app\/produit\/t-shirt-amandine-safran\/"},"modified":"2026-05-12T01:00:37","modified_gmt":"2026-05-11T23:00:37","slug":"t-shirt-amandine-safran","status":"publish","type":"product","link":"https:\/\/streetmarkets.fr\/app\/produit\/t-shirt-amandine-safran\/","title":{"rendered":"T-Shirt Amandine Safran"},"content":{"rendered":"<p data-start=\"0\" data-end=\"76\">T-Shirt Amandine Safran : Le basique cool indispensable !\u00a0<br \/>Epaules tombantes et coupe loose pour un style moderne et d\u00e9contract\u00e9. Son col rond classique rencontre une petite broderie \u00e9cru surpiqu\u00e9e c\u00f4t\u00e9 droit, qui vient subtilement relever la simplicit\u00e9 du coton.<\/p>\n<p data-start=\"525\" data-end=\"836\" data-is-last-node=\"\" data-is-only-node=\"\">Pourquoi on l\u2019int\u00e8gre \u00e0 notre dressing :<br data-start=\"546\" data-end=\"549\">\u2022 Coupe loose et carr\u00e9e pour un confort et un style relax.<br data-start=\"613\" data-end=\"616\">\u2022 \u00c9paules tombantes qui donnent du mouvement.<br data-start=\"660\" data-end=\"663\">\u2022 Broderie \u00e9cru d\u00e9licate pour un d\u00e9tail original.<br data-start=\"722\" data-end=\"725\">\u2022 100 % coton doux et agr\u00e9able au quotidien.<br data-start=\"768\" data-end=\"771\">\u2022 Taille unique facile \u00e0 porter et \u00e0 mixer avec toutes nos tenues.<\/p>\n<p data-start=\"525\" data-end=\"836\" data-is-last-node=\"\" data-is-only-node=\"\">Ultra confortable et respirant, c&#8217;est un essentiel du quotidien, facile \u00e0 associer et \u00e0 porter seul ou avec nos pi\u00e8ces favorites pour un look casual mais styl\u00e9.<\/p>\n","protected":false},"excerpt":{"rendered":"<p>T-Shirt Amandine Safran : Le basique cool indispensable !\u00a0Epaules tombantes et coupe loose pour un style moderne et d\u00e9contract\u00e9. Son col rond classique rencontre une petite broderie \u00e9cru surpiqu\u00e9e c\u00f4t\u00e9 droit, qui vient subtilement relever la simplicit\u00e9 du coton. Pourquoi on l\u2019int\u00e8gre \u00e0 notre dressing :\u2022 Coupe loose et carr\u00e9e pour un confort et un [&hellip;]<\/p>\n","protected":false},"featured_media":3849237,"comment_status":"open","ping_status":"closed","template":"","meta":[],"product_brand":[],"product_cat":[],"product_tag":[],"acf":[],"_links":{"self":[{"href":"https:\/\/streetmarkets.fr\/app\/wp-json\/wp\/v2\/product\/3849236"}],"collection":[{"href":"https:\/\/streetmarkets.fr\/app\/wp-json\/wp\/v2\/product"}],"about":[{"href":"https:\/\/streetmarkets.fr\/app\/wp-json\/wp\/v2\/types\/product"}],"replies":[{"embeddable":true,"href":"https:\/\/streetmarkets.fr\/app\/wp-json\/wp\/v2\/comments?post=3849236"}],"wp:featuredmedia":[{"embeddable":true,"href":"https:\/\/streetmarkets.fr\/app\/wp-json\/wp\/v2\/media\/3849237"}],"wp:attachment":[{"href":"https:\/\/streetmarkets.fr\/app\/wp-json\/wp\/v2\/media?parent=3849236"}],"wp:term":[{"taxonomy":"product_brand","embeddable":true,"href":"https:\/\/streetmarkets.fr\/app\/wp-json\/wp\/v2\/product_brand?post=3849236"},{"taxonomy":"product_cat","embeddable":true,"href":"https:\/\/streetmarkets.fr\/app\/wp-json\/wp\/v2\/product_cat?post=3849236"},{"taxonomy":"product_tag","embeddable":true,"href":"https:\/\/streetmarkets.fr\/app\/wp-json\/wp\/v2\/product_tag?post=3849236"}],"curies":[{"name":"wp","href":"https:\/\/api.w.org\/{rel}","templated":true}]}}