{"id":3849051,"date":"2026-03-27T00:00:36","date_gmt":"2026-03-26T23:00:36","guid":{"rendered":"https:\/\/streetmarkets.fr\/app\/produit\/gants-bicolore-gold\/"},"modified":"2026-05-12T01:00:23","modified_gmt":"2026-05-11T23:00:23","slug":"gants-bicolore-gold","status":"publish","type":"product","link":"https:\/\/streetmarkets.fr\/app\/produit\/gants-bicolore-gold\/","title":{"rendered":"Gants Bicolore Gold"},"content":{"rendered":"<p>Gants Bicolore Gold : Chaleur et style au bout des doigts !\u00a0<br \/>Leur maille chaude compos\u00e9e \u00e0 80 % de laine garde les mains bien prot\u00e9g\u00e9es, tandis que les extr\u00e9mit\u00e9s noires des doigts et la fine bordure c\u00f4tel\u00e9e au poignet cr\u00e9ent un joli contraste raffin\u00e9. Et gr\u00e2ce \u00e0 leur fonction tactile sur l\u2019index, on reste connect\u00e9 sans jamais avoir froid.<\/p>\n<p>On aime :<\/p>\n<ul data-start=\"453\" data-end=\"588\">\n<li data-start=\"453\" data-end=\"501\">Le contraste or caramel et noir, ultra chic.<\/li>\n<li data-start=\"502\" data-end=\"544\">Leur bord c\u00f4te discret mais travaill\u00e9.<\/li>\n<li data-start=\"545\" data-end=\"588\">Leur douceur et leur chaleur naturelle.<\/li>\n<\/ul>\n<p>Le d\u00e9tail pratique : La fonction tactile int\u00e9gr\u00e9e qui permet d\u2019utiliser son t\u00e9l\u00e9phone sans retirer ses gants.<\/p>\n","protected":false},"excerpt":{"rendered":"<p>Gants Bicolore Gold : Chaleur et style au bout des doigts !\u00a0Leur maille chaude compos\u00e9e \u00e0 80 % de laine garde les mains bien prot\u00e9g\u00e9es, tandis que les extr\u00e9mit\u00e9s noires des doigts et la fine bordure c\u00f4tel\u00e9e au poignet cr\u00e9ent un joli contraste raffin\u00e9. Et gr\u00e2ce \u00e0 leur fonction tactile sur l\u2019index, on reste connect\u00e9 [&hellip;]<\/p>\n","protected":false},"featured_media":3849052,"comment_status":"open","ping_status":"closed","template":"","meta":[],"product_brand":[],"product_cat":[],"product_tag":[],"acf":[],"_links":{"self":[{"href":"https:\/\/streetmarkets.fr\/app\/wp-json\/wp\/v2\/product\/3849051"}],"collection":[{"href":"https:\/\/streetmarkets.fr\/app\/wp-json\/wp\/v2\/product"}],"about":[{"href":"https:\/\/streetmarkets.fr\/app\/wp-json\/wp\/v2\/types\/product"}],"replies":[{"embeddable":true,"href":"https:\/\/streetmarkets.fr\/app\/wp-json\/wp\/v2\/comments?post=3849051"}],"wp:featuredmedia":[{"embeddable":true,"href":"https:\/\/streetmarkets.fr\/app\/wp-json\/wp\/v2\/media\/3849052"}],"wp:attachment":[{"href":"https:\/\/streetmarkets.fr\/app\/wp-json\/wp\/v2\/media?parent=3849051"}],"wp:term":[{"taxonomy":"product_brand","embeddable":true,"href":"https:\/\/streetmarkets.fr\/app\/wp-json\/wp\/v2\/product_brand?post=3849051"},{"taxonomy":"product_cat","embeddable":true,"href":"https:\/\/streetmarkets.fr\/app\/wp-json\/wp\/v2\/product_cat?post=3849051"},{"taxonomy":"product_tag","embeddable":true,"href":"https:\/\/streetmarkets.fr\/app\/wp-json\/wp\/v2\/product_tag?post=3849051"}],"curies":[{"name":"wp","href":"https:\/\/api.w.org\/{rel}","templated":true}]}}