{"id":3849040,"date":"2026-03-27T00:00:35","date_gmt":"2026-03-26T23:00:35","guid":{"rendered":"https:\/\/streetmarkets.fr\/app\/produit\/bonnet-rose\/"},"modified":"2026-05-15T01:01:19","modified_gmt":"2026-05-14T23:01:19","slug":"bonnet-rose","status":"publish","type":"product","link":"https:\/\/streetmarkets.fr\/app\/produit\/bonnet-rose\/","title":{"rendered":"Bonnet Rose"},"content":{"rendered":"<p>Bonnet rose : Douceur et confort assur\u00e9 !\u00a0<br \/>On succombe \u00e0 ce bonnet pour son motif a\u00e9r\u00e9 l\u00e9ger et son large revers c\u00f4tel\u00e9. L\u2019int\u00e9rieur est doubl\u00e9 en polaire et sa teneur en laine offrent une chaleur confortable pour les journ\u00e9es fra\u00eeches.<\/p>\n<p>Pourquoi on aime :<\/p>\n<ul data-start=\"369\" data-end=\"525\">\n<li data-start=\"369\" data-end=\"425\">La doublure polaire pour des journ\u00e9es bien au chaud.<\/li>\n<li data-start=\"426\" data-end=\"472\">Le motif a\u00e9r\u00e9 qui donne un effet fluffy<\/li>\n<li data-start=\"473\" data-end=\"525\">Le revers c\u00f4tel\u00e9 qui assure maintien et confort.<\/li>\n<\/ul>\n<p>Le petit + : La teinte rose pour la note douce et originale de nos tenues d\u2019hiver.<\/p>\n","protected":false},"excerpt":{"rendered":"<p>Bonnet rose : Douceur et confort assur\u00e9 !\u00a0On succombe \u00e0 ce bonnet pour son motif a\u00e9r\u00e9 l\u00e9ger et son large revers c\u00f4tel\u00e9. L\u2019int\u00e9rieur est doubl\u00e9 en polaire et sa teneur en laine offrent une chaleur confortable pour les journ\u00e9es fra\u00eeches. Pourquoi on aime : La doublure polaire pour des journ\u00e9es bien au chaud. Le motif [&hellip;]<\/p>\n","protected":false},"featured_media":3849041,"comment_status":"open","ping_status":"closed","template":"","meta":[],"product_brand":[],"product_cat":[],"product_tag":[],"acf":[],"_links":{"self":[{"href":"https:\/\/streetmarkets.fr\/app\/wp-json\/wp\/v2\/product\/3849040"}],"collection":[{"href":"https:\/\/streetmarkets.fr\/app\/wp-json\/wp\/v2\/product"}],"about":[{"href":"https:\/\/streetmarkets.fr\/app\/wp-json\/wp\/v2\/types\/product"}],"replies":[{"embeddable":true,"href":"https:\/\/streetmarkets.fr\/app\/wp-json\/wp\/v2\/comments?post=3849040"}],"wp:featuredmedia":[{"embeddable":true,"href":"https:\/\/streetmarkets.fr\/app\/wp-json\/wp\/v2\/media\/3849041"}],"wp:attachment":[{"href":"https:\/\/streetmarkets.fr\/app\/wp-json\/wp\/v2\/media?parent=3849040"}],"wp:term":[{"taxonomy":"product_brand","embeddable":true,"href":"https:\/\/streetmarkets.fr\/app\/wp-json\/wp\/v2\/product_brand?post=3849040"},{"taxonomy":"product_cat","embeddable":true,"href":"https:\/\/streetmarkets.fr\/app\/wp-json\/wp\/v2\/product_cat?post=3849040"},{"taxonomy":"product_tag","embeddable":true,"href":"https:\/\/streetmarkets.fr\/app\/wp-json\/wp\/v2\/product_tag?post=3849040"}],"curies":[{"name":"wp","href":"https:\/\/api.w.org\/{rel}","templated":true}]}}