{"id":3849035,"date":"2026-03-27T00:00:35","date_gmt":"2026-03-26T23:00:35","guid":{"rendered":"https:\/\/streetmarkets.fr\/app\/produit\/bonnet-cotele-lilas\/"},"modified":"2026-05-08T01:00:52","modified_gmt":"2026-05-07T23:00:52","slug":"bonnet-cotele-lilas","status":"publish","type":"product","link":"https:\/\/streetmarkets.fr\/app\/produit\/bonnet-cotele-lilas\/","title":{"rendered":"Bonnet C\u00f4tel\u00e9 Lilas"},"content":{"rendered":"<p>Bonnet C\u00f4tel\u00e9 Lilas : Un vent de fra\u00eecheur pour l\u2019hiver !\u00a0<br \/>On adopte ce bonnet c\u00f4tel\u00e9 aux larges c\u00f4tes pour son confort et sa douceur incomparable. Son int\u00e9rieur polaire garde la t\u00eate bien au chaud, tandis que sa teinte lilas donne une note originale et lumineuse \u00e0 nos tenues hivernales. Taille unique, il \u00e9pouse parfaitement toutes les formes de t\u00eate.<\/p>\n<p>Pourquoi on craque :<\/p>\n<ul data-start=\"400\" data-end=\"581\">\n<li data-start=\"400\" data-end=\"466\">Son int\u00e9rieur polaire ultra-doux qui fait toute la diff\u00e9rence.<\/li>\n<li data-start=\"467\" data-end=\"528\">La maille c\u00f4tel\u00e9e aux larges c\u00f4tes pour un style affirm\u00e9.<\/li>\n<li data-start=\"529\" data-end=\"581\">Sa couleur lilas qui r\u00e9veille les looks d\u2019hiver.<\/li>\n<\/ul>\n<p>Le d\u00e9tail qui nous plait : Le revers g\u00e9n\u00e9reux qui encadre le visage tout en prot\u00e9geant du froid.<\/p>\n","protected":false},"excerpt":{"rendered":"<p>Bonnet C\u00f4tel\u00e9 Lilas : Un vent de fra\u00eecheur pour l\u2019hiver !\u00a0On adopte ce bonnet c\u00f4tel\u00e9 aux larges c\u00f4tes pour son confort et sa douceur incomparable. Son int\u00e9rieur polaire garde la t\u00eate bien au chaud, tandis que sa teinte lilas donne une note originale et lumineuse \u00e0 nos tenues hivernales. Taille unique, il \u00e9pouse parfaitement toutes [&hellip;]<\/p>\n","protected":false},"featured_media":3849036,"comment_status":"open","ping_status":"closed","template":"","meta":[],"product_brand":[],"product_cat":[],"product_tag":[],"acf":[],"_links":{"self":[{"href":"https:\/\/streetmarkets.fr\/app\/wp-json\/wp\/v2\/product\/3849035"}],"collection":[{"href":"https:\/\/streetmarkets.fr\/app\/wp-json\/wp\/v2\/product"}],"about":[{"href":"https:\/\/streetmarkets.fr\/app\/wp-json\/wp\/v2\/types\/product"}],"replies":[{"embeddable":true,"href":"https:\/\/streetmarkets.fr\/app\/wp-json\/wp\/v2\/comments?post=3849035"}],"wp:featuredmedia":[{"embeddable":true,"href":"https:\/\/streetmarkets.fr\/app\/wp-json\/wp\/v2\/media\/3849036"}],"wp:attachment":[{"href":"https:\/\/streetmarkets.fr\/app\/wp-json\/wp\/v2\/media?parent=3849035"}],"wp:term":[{"taxonomy":"product_brand","embeddable":true,"href":"https:\/\/streetmarkets.fr\/app\/wp-json\/wp\/v2\/product_brand?post=3849035"},{"taxonomy":"product_cat","embeddable":true,"href":"https:\/\/streetmarkets.fr\/app\/wp-json\/wp\/v2\/product_cat?post=3849035"},{"taxonomy":"product_tag","embeddable":true,"href":"https:\/\/streetmarkets.fr\/app\/wp-json\/wp\/v2\/product_tag?post=3849035"}],"curies":[{"name":"wp","href":"https:\/\/api.w.org\/{rel}","templated":true}]}}