{"id":3849025,"date":"2026-03-27T00:00:34","date_gmt":"2026-03-26T23:00:34","guid":{"rendered":"https:\/\/streetmarkets.fr\/app\/produit\/mitaines-bicolores-bordeaux\/"},"modified":"2026-05-10T01:00:15","modified_gmt":"2026-05-09T23:00:15","slug":"mitaines-bicolores-bordeaux","status":"publish","type":"product","link":"https:\/\/streetmarkets.fr\/app\/produit\/mitaines-bicolores-bordeaux\/","title":{"rendered":"Mitaines Bicolores Bordeaux"},"content":{"rendered":"<p>Mitaines Bicolores Bordeaux : Chaudes, styl\u00e9es et totalement libres !\u00a0<br \/>Entre confort et look affirm\u00e9, ces mitaines bicolores cochent toutes les cases. On adore leur effet patchwork, bordeaux d\u2019un c\u00f4t\u00e9, rouille et caramel de l\u2019autre, qui donne du pep\u2019s \u00e0 nos tenues d\u2019hiver. Leur maille c\u00f4tel\u00e9e, bien \u00e9paisse, garde les mains au chaud tout en laissant les doigts libres pour pianoter, grignoter ou siroter son caf\u00e9 sans gal\u00e8re.<\/p>\n<p>Pourquoi on adore :<\/p>\n<ul data-start=\"464\" data-end=\"653\">\n<li data-start=\"464\" data-end=\"528\">Leur m\u00e9lange de couleurs automnales qui s\u2019accorde avec tout.<\/li>\n<li data-start=\"529\" data-end=\"599\">Le combo laine + tricot moelleux, parfait pour affronter le froid.<\/li>\n<li data-start=\"600\" data-end=\"653\">Leur forme longue qui prot\u00e8ge aussi les poignets.<\/li>\n<\/ul>\n<p>Le petit + qu\u2019on aime : Leur style r\u00e9tro-chic qu\u2019on rep\u00e8re tout de suite au bout des manches.<\/p>\n","protected":false},"excerpt":{"rendered":"<p>Mitaines Bicolores Bordeaux : Chaudes, styl\u00e9es et totalement libres !\u00a0Entre confort et look affirm\u00e9, ces mitaines bicolores cochent toutes les cases. On adore leur effet patchwork, bordeaux d\u2019un c\u00f4t\u00e9, rouille et caramel de l\u2019autre, qui donne du pep\u2019s \u00e0 nos tenues d\u2019hiver. Leur maille c\u00f4tel\u00e9e, bien \u00e9paisse, garde les mains au chaud tout en laissant [&hellip;]<\/p>\n","protected":false},"featured_media":3849026,"comment_status":"open","ping_status":"closed","template":"","meta":[],"product_brand":[],"product_cat":[],"product_tag":[],"acf":[],"_links":{"self":[{"href":"https:\/\/streetmarkets.fr\/app\/wp-json\/wp\/v2\/product\/3849025"}],"collection":[{"href":"https:\/\/streetmarkets.fr\/app\/wp-json\/wp\/v2\/product"}],"about":[{"href":"https:\/\/streetmarkets.fr\/app\/wp-json\/wp\/v2\/types\/product"}],"replies":[{"embeddable":true,"href":"https:\/\/streetmarkets.fr\/app\/wp-json\/wp\/v2\/comments?post=3849025"}],"wp:featuredmedia":[{"embeddable":true,"href":"https:\/\/streetmarkets.fr\/app\/wp-json\/wp\/v2\/media\/3849026"}],"wp:attachment":[{"href":"https:\/\/streetmarkets.fr\/app\/wp-json\/wp\/v2\/media?parent=3849025"}],"wp:term":[{"taxonomy":"product_brand","embeddable":true,"href":"https:\/\/streetmarkets.fr\/app\/wp-json\/wp\/v2\/product_brand?post=3849025"},{"taxonomy":"product_cat","embeddable":true,"href":"https:\/\/streetmarkets.fr\/app\/wp-json\/wp\/v2\/product_cat?post=3849025"},{"taxonomy":"product_tag","embeddable":true,"href":"https:\/\/streetmarkets.fr\/app\/wp-json\/wp\/v2\/product_tag?post=3849025"}],"curies":[{"name":"wp","href":"https:\/\/api.w.org\/{rel}","templated":true}]}}