{"id":3849015,"date":"2026-03-27T00:00:33","date_gmt":"2026-03-26T23:00:33","guid":{"rendered":"https:\/\/streetmarkets.fr\/app\/produit\/pince-panier-de-champignons\/"},"modified":"2026-05-10T01:00:15","modified_gmt":"2026-05-09T23:00:15","slug":"pince-panier-de-champignons","status":"publish","type":"product","link":"https:\/\/streetmarkets.fr\/app\/produit\/pince-panier-de-champignons\/","title":{"rendered":"Pince Panier de Champignons"},"content":{"rendered":"<article class=\"text-token-text-primary w-full focus:outline-none [--shadow-height:45px] has-data-writing-block:pointer-events-none has-data-writing-block:-mt-(--shadow-height) has-data-writing-block:pt-(--shadow-height) [&amp;:has([data-writing-block])&gt;*]:pointer-events-auto [content-visibility:auto] supports-[content-visibility:auto]:[contain-intrinsic-size:auto_100lvh] scroll-mt-[calc(var(--header-height)+min(200px,max(70px,20svh)))]\" dir=\"auto\" data-turn-id=\"request-68c44868-12f4-8332-9524-13534d22f6f1-1\" data-testid=\"conversation-turn-338\" data-scroll-anchor=\"true\" data-turn=\"assistant\">\n<div class=\"text-base my-auto mx-auto pb-10 [--thread-content-margin:--spacing(4)] thread-sm:[--thread-content-margin:--spacing(6)] thread-lg:[--thread-content-margin:--spacing(16)] px-(--thread-content-margin)\">\n<div class=\"[--thread-content-max-width:40rem] thread-lg:[--thread-content-max-width:48rem] mx-auto max-w-(--thread-content-max-width) flex-1 group\/turn-messages focus-visible:outline-hidden relative flex w-full min-w-0 flex-col agent-turn\">\n<div class=\"flex max-w-full flex-col grow\">\n<div data-message-author-role=\"assistant\" data-message-id=\"474663f1-f398-477c-bbaa-6534756d1f35\" dir=\"auto\" class=\"min-h-8 text-message relative flex w-full flex-col items-end gap-2 text-start break-words whitespace-normal [.text-message+&amp;]:mt-1\" data-message-model-slug=\"gpt-5-mini\">\n<div class=\"flex w-full flex-col gap-1 empty:hidden first:pt-[1px]\">\n<div class=\"markdown prose dark:prose-invert w-full break-words light markdown-new-styling\">Pince Panier de Champignons : Balade en for\u00eat !\u00a0<br \/>On s\u2019amuse \u00e0 piocher dans notre cueillette imaginaire avec cette pince \u00e0 cheveux adorable, qui transforme chaque coiffure en petit voyage automnal. Chignon, demi-queue ou tresse, elle s\u2019adapte \u00e0 toutes nos envies.<\/div>\n<div class=\"markdown prose dark:prose-invert w-full break-words light markdown-new-styling\"><\/div>\n<div class=\"markdown prose dark:prose-invert w-full break-words light markdown-new-styling\">Pourquoi on craque :<\/p>\n<ul data-start=\"389\" data-end=\"582\">\n<li data-start=\"389\" data-end=\"456\">Pour son design malicieux qui nous plonge directement en for\u00eat.<\/li>\n<li data-start=\"457\" data-end=\"510\">Pour sa tenue parfaite sur toutes les chevelures.<\/li>\n<li data-start=\"511\" data-end=\"582\">Pour son c\u00f4t\u00e9 ludique et po\u00e9tique qui fait sourire \u00e0 chaque regard.<\/li>\n<\/ul>\n<p>Le d\u00e9tail qui fait sourire :\u00a0Les champignons dodus pos\u00e9s dans leur panier nous rappellent les balades d\u2019automne et ajoutent une note pleine de fantaisie \u00e0 nos cheveux.<\/p><\/div>\n<\/div>\n<\/div>\n<\/div>\n<\/div>\n<\/div>\n<\/article>\n","protected":false},"excerpt":{"rendered":"<p>Pince Panier de Champignons : Balade en for\u00eat !\u00a0On s\u2019amuse \u00e0 piocher dans notre cueillette imaginaire avec cette pince \u00e0 cheveux adorable, qui transforme chaque coiffure en petit voyage automnal. Chignon, demi-queue ou tresse, elle s\u2019adapte \u00e0 toutes nos envies. Pourquoi on craque : Pour son design malicieux qui nous plonge directement en for\u00eat. Pour [&hellip;]<\/p>\n","protected":false},"featured_media":3849016,"comment_status":"open","ping_status":"closed","template":"","meta":[],"product_brand":[],"product_cat":[],"product_tag":[],"acf":[],"_links":{"self":[{"href":"https:\/\/streetmarkets.fr\/app\/wp-json\/wp\/v2\/product\/3849015"}],"collection":[{"href":"https:\/\/streetmarkets.fr\/app\/wp-json\/wp\/v2\/product"}],"about":[{"href":"https:\/\/streetmarkets.fr\/app\/wp-json\/wp\/v2\/types\/product"}],"replies":[{"embeddable":true,"href":"https:\/\/streetmarkets.fr\/app\/wp-json\/wp\/v2\/comments?post=3849015"}],"wp:featuredmedia":[{"embeddable":true,"href":"https:\/\/streetmarkets.fr\/app\/wp-json\/wp\/v2\/media\/3849016"}],"wp:attachment":[{"href":"https:\/\/streetmarkets.fr\/app\/wp-json\/wp\/v2\/media?parent=3849015"}],"wp:term":[{"taxonomy":"product_brand","embeddable":true,"href":"https:\/\/streetmarkets.fr\/app\/wp-json\/wp\/v2\/product_brand?post=3849015"},{"taxonomy":"product_cat","embeddable":true,"href":"https:\/\/streetmarkets.fr\/app\/wp-json\/wp\/v2\/product_cat?post=3849015"},{"taxonomy":"product_tag","embeddable":true,"href":"https:\/\/streetmarkets.fr\/app\/wp-json\/wp\/v2\/product_tag?post=3849015"}],"curies":[{"name":"wp","href":"https:\/\/api.w.org\/{rel}","templated":true}]}}