{"id":3848985,"date":"2026-03-27T00:00:32","date_gmt":"2026-03-26T23:00:32","guid":{"rendered":"https:\/\/streetmarkets.fr\/app\/produit\/tissage-ivoire-chocolat\/"},"modified":"2026-05-08T01:00:52","modified_gmt":"2026-05-07T23:00:52","slug":"tissage-ivoire-chocolat","status":"publish","type":"product","link":"https:\/\/streetmarkets.fr\/app\/produit\/tissage-ivoire-chocolat\/","title":{"rendered":"Tissage Ivoire &amp; Chocolat"},"content":{"rendered":"<p dir=\"auto\">Cette pi\u00e8ce de tissu tiss\u00e9 main en pure laine, c\u2019est un vrai coup de c\u0153ur. <br \/><span>Je l\u2019ai choisi avec soin lors de mon dernier voyage en Inde. <\/span><span>Je vous laisse libre d\u2019en imaginer l\u2019usage : jet\u00e9 de lit, tenture, plaid, dessus de table, ou m\u00eame \u00e9charpe g\u00e9n\u00e9reuse. <\/span><span>Ce qui m\u2019a fait craquer pour cette merveille , c\u2019est la beaut\u00e9 du travail, la qualit\u00e9 de la mati\u00e8re, et surtout l\u2019\u00e2me de la cr\u00e9ation qui s\u2019en d\u00e9gage.<\/span><\/p>\n<p>Elle s\u2019adresse \u00e0 celles et ceux qui aiment les objets singuliers, loin des productions standardis\u00e9es, \u00e0 celles et ceux qui cherchent du vrai, du fait main, du rare.<\/p>\n","protected":false},"excerpt":{"rendered":"<p>Cette pi\u00e8ce de tissu tiss\u00e9 main en pure laine, c\u2019est un vrai coup de c\u0153ur. Je l\u2019ai choisi avec soin lors de mon dernier voyage en Inde. Je vous laisse libre d\u2019en imaginer l\u2019usage : jet\u00e9 de lit, tenture, plaid, dessus de table, ou m\u00eame \u00e9charpe g\u00e9n\u00e9reuse. Ce qui m\u2019a fait craquer pour cette merveille [&hellip;]<\/p>\n","protected":false},"featured_media":3848986,"comment_status":"open","ping_status":"closed","template":"","meta":[],"product_brand":[],"product_cat":[],"product_tag":[],"acf":[],"_links":{"self":[{"href":"https:\/\/streetmarkets.fr\/app\/wp-json\/wp\/v2\/product\/3848985"}],"collection":[{"href":"https:\/\/streetmarkets.fr\/app\/wp-json\/wp\/v2\/product"}],"about":[{"href":"https:\/\/streetmarkets.fr\/app\/wp-json\/wp\/v2\/types\/product"}],"replies":[{"embeddable":true,"href":"https:\/\/streetmarkets.fr\/app\/wp-json\/wp\/v2\/comments?post=3848985"}],"wp:featuredmedia":[{"embeddable":true,"href":"https:\/\/streetmarkets.fr\/app\/wp-json\/wp\/v2\/media\/3848986"}],"wp:attachment":[{"href":"https:\/\/streetmarkets.fr\/app\/wp-json\/wp\/v2\/media?parent=3848985"}],"wp:term":[{"taxonomy":"product_brand","embeddable":true,"href":"https:\/\/streetmarkets.fr\/app\/wp-json\/wp\/v2\/product_brand?post=3848985"},{"taxonomy":"product_cat","embeddable":true,"href":"https:\/\/streetmarkets.fr\/app\/wp-json\/wp\/v2\/product_cat?post=3848985"},{"taxonomy":"product_tag","embeddable":true,"href":"https:\/\/streetmarkets.fr\/app\/wp-json\/wp\/v2\/product_tag?post=3848985"}],"curies":[{"name":"wp","href":"https:\/\/api.w.org\/{rel}","templated":true}]}}