{"id":3848978,"date":"2026-03-27T00:00:31","date_gmt":"2026-03-26T23:00:31","guid":{"rendered":"https:\/\/streetmarkets.fr\/app\/produit\/bonnet-elise-sauge\/"},"modified":"2026-05-12T01:00:23","modified_gmt":"2026-05-11T23:00:23","slug":"bonnet-elise-sauge","status":"publish","type":"product","link":"https:\/\/streetmarkets.fr\/app\/produit\/bonnet-elise-sauge\/","title":{"rendered":"Bonnet Elise Sauge"},"content":{"rendered":"<p>Bonnet Elise Sauge : Parce qu\u2019un bonnet sage\u2026 mais sauge, \u00e7a fait la diff !\u00a0<br \/>Grosse maille tress\u00e9e couleur sauge, pompon en fausse fourrure cr\u00e8me, c&#8217;est un m\u00e9lange parfait entre douceur et style. Son revers c\u00f4tel\u00e9 double son \u00e9paisseur sur nos oreilles et \u00e7a c&#8217;est tout ce qu&#8217;on souhaite.<\/p>\n<p>Pourquoi il nous suit partout :<\/p>\n<ul data-start=\"425\" data-end=\"661\">\n<li data-start=\"425\" data-end=\"491\">Sa maille \u00e9paisse et tress\u00e9e qui donne direct un effet cocoon.<\/li>\n<li data-start=\"492\" data-end=\"566\">Le contraste sauge + pompon cr\u00e8me qui attire l\u2019\u0153il sans en faire trop.<\/li>\n<li data-start=\"567\" data-end=\"661\">Sa coupe intemporelle qui passe aussi bien en balade en ville qu\u2019en week-end au grand air.<\/li>\n<\/ul>\n","protected":false},"excerpt":{"rendered":"<p>Bonnet Elise Sauge : Parce qu\u2019un bonnet sage\u2026 mais sauge, \u00e7a fait la diff !\u00a0Grosse maille tress\u00e9e couleur sauge, pompon en fausse fourrure cr\u00e8me, c&#8217;est un m\u00e9lange parfait entre douceur et style. Son revers c\u00f4tel\u00e9 double son \u00e9paisseur sur nos oreilles et \u00e7a c&#8217;est tout ce qu&#8217;on souhaite. Pourquoi il nous suit partout : Sa [&hellip;]<\/p>\n","protected":false},"featured_media":3848979,"comment_status":"open","ping_status":"closed","template":"","meta":[],"product_brand":[],"product_cat":[],"product_tag":[],"acf":[],"_links":{"self":[{"href":"https:\/\/streetmarkets.fr\/app\/wp-json\/wp\/v2\/product\/3848978"}],"collection":[{"href":"https:\/\/streetmarkets.fr\/app\/wp-json\/wp\/v2\/product"}],"about":[{"href":"https:\/\/streetmarkets.fr\/app\/wp-json\/wp\/v2\/types\/product"}],"replies":[{"embeddable":true,"href":"https:\/\/streetmarkets.fr\/app\/wp-json\/wp\/v2\/comments?post=3848978"}],"wp:featuredmedia":[{"embeddable":true,"href":"https:\/\/streetmarkets.fr\/app\/wp-json\/wp\/v2\/media\/3848979"}],"wp:attachment":[{"href":"https:\/\/streetmarkets.fr\/app\/wp-json\/wp\/v2\/media?parent=3848978"}],"wp:term":[{"taxonomy":"product_brand","embeddable":true,"href":"https:\/\/streetmarkets.fr\/app\/wp-json\/wp\/v2\/product_brand?post=3848978"},{"taxonomy":"product_cat","embeddable":true,"href":"https:\/\/streetmarkets.fr\/app\/wp-json\/wp\/v2\/product_cat?post=3848978"},{"taxonomy":"product_tag","embeddable":true,"href":"https:\/\/streetmarkets.fr\/app\/wp-json\/wp\/v2\/product_tag?post=3848978"}],"curies":[{"name":"wp","href":"https:\/\/api.w.org\/{rel}","templated":true}]}}