{"id":3848974,"date":"2026-03-27T00:00:31","date_gmt":"2026-03-26T23:00:31","guid":{"rendered":"https:\/\/streetmarkets.fr\/app\/produit\/bonnet-elise-creme\/"},"modified":"2026-05-12T01:00:23","modified_gmt":"2026-05-11T23:00:23","slug":"bonnet-elise-creme","status":"publish","type":"product","link":"https:\/\/streetmarkets.fr\/app\/produit\/bonnet-elise-creme\/","title":{"rendered":"Bonnet Elise Cr\u00e8me"},"content":{"rendered":"<p>Bonnet Elise Cr\u00e8me : Parce que l\u2019hiver m\u00e9rite aussi son look styl\u00e9 !\u00a0<br \/>Grosse maille tress\u00e9e et\u00a0 pompon en fausse fourrure vert sauge, il coche la case confort + style en un clin d\u2019\u0153il. Les tons vanille cr\u00e9meux adoucissent nos looks d\u2019hiver, et le d\u00e9tail sauge vient donner la petite note fra\u00eeche et inattendue.<\/p>\n<p>Raisons de l\u2019adopter direct :<\/p>\n<ul data-start=\"437\" data-end=\"673\">\n<li data-start=\"437\" data-end=\"516\">Sa grosse maille tress\u00e9e, cosy \u00e0 souhait, qui donne un vrai c\u00f4t\u00e9 cocooning.<\/li>\n<li data-start=\"517\" data-end=\"587\">Le pompon sauge tout doux qui change des basiques trop classiques.<\/li>\n<li data-start=\"588\" data-end=\"673\">Les tons naturels qui matchent avec toutes nos tenues d\u2019hiver sans prise de t\u00eate.<\/li>\n<\/ul>\n<p>Ce qui fait son charme fou :\u00a0Le revers c\u00f4tel\u00e9 qui tient bien en place et donne la petite vibe cool qu\u2019on adore.<\/p>\n","protected":false},"excerpt":{"rendered":"<p>Bonnet Elise Cr\u00e8me : Parce que l\u2019hiver m\u00e9rite aussi son look styl\u00e9 !\u00a0Grosse maille tress\u00e9e et\u00a0 pompon en fausse fourrure vert sauge, il coche la case confort + style en un clin d\u2019\u0153il. Les tons vanille cr\u00e9meux adoucissent nos looks d\u2019hiver, et le d\u00e9tail sauge vient donner la petite note fra\u00eeche et inattendue. Raisons de [&hellip;]<\/p>\n","protected":false},"featured_media":3848975,"comment_status":"open","ping_status":"closed","template":"","meta":[],"product_brand":[],"product_cat":[],"product_tag":[],"acf":[],"_links":{"self":[{"href":"https:\/\/streetmarkets.fr\/app\/wp-json\/wp\/v2\/product\/3848974"}],"collection":[{"href":"https:\/\/streetmarkets.fr\/app\/wp-json\/wp\/v2\/product"}],"about":[{"href":"https:\/\/streetmarkets.fr\/app\/wp-json\/wp\/v2\/types\/product"}],"replies":[{"embeddable":true,"href":"https:\/\/streetmarkets.fr\/app\/wp-json\/wp\/v2\/comments?post=3848974"}],"wp:featuredmedia":[{"embeddable":true,"href":"https:\/\/streetmarkets.fr\/app\/wp-json\/wp\/v2\/media\/3848975"}],"wp:attachment":[{"href":"https:\/\/streetmarkets.fr\/app\/wp-json\/wp\/v2\/media?parent=3848974"}],"wp:term":[{"taxonomy":"product_brand","embeddable":true,"href":"https:\/\/streetmarkets.fr\/app\/wp-json\/wp\/v2\/product_brand?post=3848974"},{"taxonomy":"product_cat","embeddable":true,"href":"https:\/\/streetmarkets.fr\/app\/wp-json\/wp\/v2\/product_cat?post=3848974"},{"taxonomy":"product_tag","embeddable":true,"href":"https:\/\/streetmarkets.fr\/app\/wp-json\/wp\/v2\/product_tag?post=3848974"}],"curies":[{"name":"wp","href":"https:\/\/api.w.org\/{rel}","templated":true}]}}