{"id":3848943,"date":"2026-03-27T00:00:29","date_gmt":"2026-03-26T23:00:29","guid":{"rendered":"https:\/\/streetmarkets.fr\/app\/produit\/t-shirt-roy-rose\/"},"modified":"2026-05-15T01:01:18","modified_gmt":"2026-05-14T23:01:18","slug":"t-shirt-roy-rose","status":"publish","type":"product","link":"https:\/\/streetmarkets.fr\/app\/produit\/t-shirt-roy-rose\/","title":{"rendered":"T-Shirt Roy Rose"},"content":{"rendered":"<p>T-shirt Roy : Le rose qui en dit long ! <br \/>Un coton \u00e9pais, une coupe boxy bien ample, des \u00e9paules tombantes\u2026 Le T-shirt Roy n\u2019a pas besoin d\u2019en faire trop pour affirmer sa personnalit\u00e9. Son rose plut\u00f4t doux contraste avec le message brod\u00e9 \u201cON THE ROAD\u201d, o\u00f9 les lettres alternent entre vert d\u2019eau et rose. Un petit c\u0153ur perl\u00e9 vient ajouter la touche arty qui twiste cette pi\u00e8ce \u00e0 effet blush..<\/p>\n<p>Ce tee-shirt structur\u00e9 coche toutes les cases : look chill, d\u00e9tails soign\u00e9s, message engag\u00e9. C\u2019est le genre de pi\u00e8ce qu\u2019on adore enfiler avec un jean large, une jupe fluide ou un bermuda. Il tombe droit, ne colle pas, et se remarque juste ce qu\u2019il faut.<\/p>\n<p>Ce qu&#8217;on adore :<br data-start=\"660\" data-end=\"663\">\u2013 La broderie multicolore avec le c\u0153ur perl\u00e9.<br data-start=\"707\" data-end=\"710\">\u2013 Le coton \u00e9pais de belle tenue.<br data-start=\"741\" data-end=\"744\">\u2013 La coupe boxy ample et facile \u00e0 porter.<br data-start=\"784\" data-end=\"787\">\u2013 Le look arty, un brin engag\u00e9 et plein de douceur.<\/p>\n","protected":false},"excerpt":{"rendered":"<p>T-shirt Roy : Le rose qui en dit long ! Un coton \u00e9pais, une coupe boxy bien ample, des \u00e9paules tombantes\u2026 Le T-shirt Roy n\u2019a pas besoin d\u2019en faire trop pour affirmer sa personnalit\u00e9. Son rose plut\u00f4t doux contraste avec le message brod\u00e9 \u201cON THE ROAD\u201d, o\u00f9 les lettres alternent entre vert d\u2019eau et rose. [&hellip;]<\/p>\n","protected":false},"featured_media":3848944,"comment_status":"open","ping_status":"closed","template":"","meta":[],"product_brand":[],"product_cat":[],"product_tag":[],"acf":[],"_links":{"self":[{"href":"https:\/\/streetmarkets.fr\/app\/wp-json\/wp\/v2\/product\/3848943"}],"collection":[{"href":"https:\/\/streetmarkets.fr\/app\/wp-json\/wp\/v2\/product"}],"about":[{"href":"https:\/\/streetmarkets.fr\/app\/wp-json\/wp\/v2\/types\/product"}],"replies":[{"embeddable":true,"href":"https:\/\/streetmarkets.fr\/app\/wp-json\/wp\/v2\/comments?post=3848943"}],"wp:featuredmedia":[{"embeddable":true,"href":"https:\/\/streetmarkets.fr\/app\/wp-json\/wp\/v2\/media\/3848944"}],"wp:attachment":[{"href":"https:\/\/streetmarkets.fr\/app\/wp-json\/wp\/v2\/media?parent=3848943"}],"wp:term":[{"taxonomy":"product_brand","embeddable":true,"href":"https:\/\/streetmarkets.fr\/app\/wp-json\/wp\/v2\/product_brand?post=3848943"},{"taxonomy":"product_cat","embeddable":true,"href":"https:\/\/streetmarkets.fr\/app\/wp-json\/wp\/v2\/product_cat?post=3848943"},{"taxonomy":"product_tag","embeddable":true,"href":"https:\/\/streetmarkets.fr\/app\/wp-json\/wp\/v2\/product_tag?post=3848943"}],"curies":[{"name":"wp","href":"https:\/\/api.w.org\/{rel}","templated":true}]}}