{"id":3848932,"date":"2026-03-27T00:00:28","date_gmt":"2026-03-26T23:00:28","guid":{"rendered":"https:\/\/streetmarkets.fr\/app\/produit\/eventail-cerise\/"},"modified":"2026-05-12T01:00:12","modified_gmt":"2026-05-11T23:00:12","slug":"eventail-cerise","status":"publish","type":"product","link":"https:\/\/streetmarkets.fr\/app\/produit\/eventail-cerise\/","title":{"rendered":"Eventail Cerise"},"content":{"rendered":"<p>\u00c9ventail Cerises : L\u2019ic\u00f4ne fruit\u00e9e de l\u2019\u00e9t\u00e9 !\u00a0<br \/>Un fond noir, des cerises rouges, quelques feuilles vertes bien plac\u00e9es\u2026 L\u2019\u00e9ventail Cerises a tout pour nous faire craquer. Inspir\u00e9 par les vibes ensoleill\u00e9es d\u2019Ibiza, il donne une note pop et sucr\u00e9e \u00e0 nos looks d\u2019\u00e9t\u00e9. \u00c0 d\u00e9plier sans mod\u00e9ration pour un effet waouh instantan\u00e9 (et un vent de fra\u00eecheur bien m\u00e9rit\u00e9).<\/p>\n<p>En plus d\u2019\u00eatre styl\u00e9, il coche toutes les bonnes cases c\u00f4t\u00e9 \u00e9thique : fabriqu\u00e9 en bois certifi\u00e9 FSC et compos\u00e9 \u00e0 75 % de polyester recycl\u00e9, c\u2019est l\u2019alli\u00e9 green des journ\u00e9es caniculaires et des soir\u00e9es anim\u00e9es.<\/p>\n<p>Pourquoi on est fans :<br data-start=\"739\" data-end=\"742\">\u2013 Des cerises ultra graphiques qui font mouche.<br data-start=\"788\" data-end=\"791\">\u2013 Un fond noir qui les fait popper avec style.<br data-start=\"836\" data-end=\"839\">\u2013 Un grand format (46 cm) l\u00e9ger et facile \u00e0 transporter.<br data-start=\"894\" data-end=\"897\">\u2013 Fabriqu\u00e9 avec du bois certifi\u00e9 FSC et du polyester recycl\u00e9.<br data-start=\"957\" data-end=\"960\">\u2013 L\u2019accessoire parfait pour rester cool, tout en affichant ses couleurs.<\/p>\n","protected":false},"excerpt":{"rendered":"<p>\u00c9ventail Cerises : L\u2019ic\u00f4ne fruit\u00e9e de l\u2019\u00e9t\u00e9 !\u00a0Un fond noir, des cerises rouges, quelques feuilles vertes bien plac\u00e9es\u2026 L\u2019\u00e9ventail Cerises a tout pour nous faire craquer. Inspir\u00e9 par les vibes ensoleill\u00e9es d\u2019Ibiza, il donne une note pop et sucr\u00e9e \u00e0 nos looks d\u2019\u00e9t\u00e9. \u00c0 d\u00e9plier sans mod\u00e9ration pour un effet waouh instantan\u00e9 (et un vent [&hellip;]<\/p>\n","protected":false},"featured_media":3848933,"comment_status":"open","ping_status":"closed","template":"","meta":[],"product_brand":[],"product_cat":[],"product_tag":[],"acf":[],"_links":{"self":[{"href":"https:\/\/streetmarkets.fr\/app\/wp-json\/wp\/v2\/product\/3848932"}],"collection":[{"href":"https:\/\/streetmarkets.fr\/app\/wp-json\/wp\/v2\/product"}],"about":[{"href":"https:\/\/streetmarkets.fr\/app\/wp-json\/wp\/v2\/types\/product"}],"replies":[{"embeddable":true,"href":"https:\/\/streetmarkets.fr\/app\/wp-json\/wp\/v2\/comments?post=3848932"}],"wp:featuredmedia":[{"embeddable":true,"href":"https:\/\/streetmarkets.fr\/app\/wp-json\/wp\/v2\/media\/3848933"}],"wp:attachment":[{"href":"https:\/\/streetmarkets.fr\/app\/wp-json\/wp\/v2\/media?parent=3848932"}],"wp:term":[{"taxonomy":"product_brand","embeddable":true,"href":"https:\/\/streetmarkets.fr\/app\/wp-json\/wp\/v2\/product_brand?post=3848932"},{"taxonomy":"product_cat","embeddable":true,"href":"https:\/\/streetmarkets.fr\/app\/wp-json\/wp\/v2\/product_cat?post=3848932"},{"taxonomy":"product_tag","embeddable":true,"href":"https:\/\/streetmarkets.fr\/app\/wp-json\/wp\/v2\/product_tag?post=3848932"}],"curies":[{"name":"wp","href":"https:\/\/api.w.org\/{rel}","templated":true}]}}