{"id":3848918,"date":"2026-03-27T00:00:27","date_gmt":"2026-03-26T23:00:27","guid":{"rendered":"https:\/\/streetmarkets.fr\/app\/produit\/lunettes-kaws-amber-burnt\/"},"modified":"2026-05-08T01:00:37","modified_gmt":"2026-05-07T23:00:37","slug":"lunettes-kaws-amber-burnt","status":"publish","type":"product","link":"https:\/\/streetmarkets.fr\/app\/produit\/lunettes-kaws-amber-burnt\/","title":{"rendered":"Lunettes Kaws Amber Burnt"},"content":{"rendered":"<p>Lunettes Kaws Amber Burnt : L\u2019\u00e9clat solaire au quotidien !\u00a0<br \/>Avec leur teinte ambre ultra lumineuse et leur design minimaliste, les Kaws Amber Burnt nous offrent un parfait \u00e9quilibre entre modernit\u00e9 et chaleur vintage. Inspir\u00e9es du style scandinave, elles allient lignes \u00e9pur\u00e9es et nuances hypnotiques pour booster nos looks avec subtilit\u00e9.<\/p>\n<p>On aime :<br data-start=\"654\" data-end=\"657\">\u2013 Couleur jaune orang\u00e9e fa\u00e7on caramel au soleil.<br data-start=\"704\" data-end=\"707\">\u2013 Forme classique twist\u00e9e par un esprit contemporain.<br data-start=\"759\" data-end=\"762\">\u2013 Verres UV400 pour bronzer prot\u00e9g\u00e9.<br data-start=\"797\" data-end=\"800\">\u2013 Branches mall\u00e9ables avec \u00e2me m\u00e9tal = confort + solidit\u00e9.<br data-start=\"857\" data-end=\"860\">\u2013 Mat\u00e9riaux \u00e9coresponsables : plus de 50 % recycl\u00e9s.<br data-start=\"911\" data-end=\"914\" data-is-only-node=\"\">\u2013 Et toujours : une trousse avec son \u00e9tui de nettoyage pour les garder impec !<\/p>\n<p>Un mod\u00e8le unisexe et intemporel \u00e0 enfiler tous les jours sans se poser de question ! Juste assez audacieux pour se faire remarquer, juste assez sobre pour aller avec tout.<\/p>\n","protected":false},"excerpt":{"rendered":"<p>Lunettes Kaws Amber Burnt : L\u2019\u00e9clat solaire au quotidien !\u00a0Avec leur teinte ambre ultra lumineuse et leur design minimaliste, les Kaws Amber Burnt nous offrent un parfait \u00e9quilibre entre modernit\u00e9 et chaleur vintage. Inspir\u00e9es du style scandinave, elles allient lignes \u00e9pur\u00e9es et nuances hypnotiques pour booster nos looks avec subtilit\u00e9. On aime :\u2013 Couleur jaune [&hellip;]<\/p>\n","protected":false},"featured_media":3848919,"comment_status":"open","ping_status":"closed","template":"","meta":[],"product_brand":[],"product_cat":[],"product_tag":[],"acf":[],"_links":{"self":[{"href":"https:\/\/streetmarkets.fr\/app\/wp-json\/wp\/v2\/product\/3848918"}],"collection":[{"href":"https:\/\/streetmarkets.fr\/app\/wp-json\/wp\/v2\/product"}],"about":[{"href":"https:\/\/streetmarkets.fr\/app\/wp-json\/wp\/v2\/types\/product"}],"replies":[{"embeddable":true,"href":"https:\/\/streetmarkets.fr\/app\/wp-json\/wp\/v2\/comments?post=3848918"}],"wp:featuredmedia":[{"embeddable":true,"href":"https:\/\/streetmarkets.fr\/app\/wp-json\/wp\/v2\/media\/3848919"}],"wp:attachment":[{"href":"https:\/\/streetmarkets.fr\/app\/wp-json\/wp\/v2\/media?parent=3848918"}],"wp:term":[{"taxonomy":"product_brand","embeddable":true,"href":"https:\/\/streetmarkets.fr\/app\/wp-json\/wp\/v2\/product_brand?post=3848918"},{"taxonomy":"product_cat","embeddable":true,"href":"https:\/\/streetmarkets.fr\/app\/wp-json\/wp\/v2\/product_cat?post=3848918"},{"taxonomy":"product_tag","embeddable":true,"href":"https:\/\/streetmarkets.fr\/app\/wp-json\/wp\/v2\/product_tag?post=3848918"}],"curies":[{"name":"wp","href":"https:\/\/api.w.org\/{rel}","templated":true}]}}