{"id":3848877,"date":"2026-03-27T00:00:14","date_gmt":"2026-03-26T23:00:14","guid":{"rendered":"https:\/\/streetmarkets.fr\/app\/produit\/carre-helga\/"},"modified":"2026-05-12T01:00:12","modified_gmt":"2026-05-11T23:00:12","slug":"carre-helga","status":"publish","type":"product","link":"https:\/\/streetmarkets.fr\/app\/produit\/carre-helga\/","title":{"rendered":"Carr\u00e9 Helga"},"content":{"rendered":"<p>Carr\u00e9 Helga : Explosion florale et kal\u00e9idoscope de couleurs ! <br \/>Con\u00e7u aux \u00c9tats-Unis, s\u00e9rigraphi\u00e9 \u00e0 la main en Inde, avec ce souci du d\u00e9tail artisanal qui fait toute la diff\u00e9rence.<\/p>\n<p>Un vent de fra\u00eecheur souffle avec ce carr\u00e9 100 % coton, o\u00f9 les fleurs prennent vie dans un jeu de sym\u00e9trie hypnotique. Sur un fond bleu fonc\u00e9 profond, les teintes moutarde, rouge vif et vert olive composent un jardin kal\u00e9idoscopique, o\u00f9 les motifs se d\u00e9ploient en quatre, cr\u00e9ant au centre l\u2019illusion d\u2019une fleur g\u00e9ante.<\/p>\n<p>Ce carr\u00e9 de 58 x 58 cm se plie \u00e0 toutes les envies : foulard, bandana, accessoire pour les cheveux ou nou\u00e9 \u00e0 un sac pour r\u00e9veiller un look en un clin d\u2019\u0153il.\u00a0<\/p>\n<p>Un carr\u00e9 puissant et po\u00e9tique, qui ose la couleur et la sym\u00e9trie pour mieux faire \u00e9clore notre style.<\/p>\n","protected":false},"excerpt":{"rendered":"<p>Carr\u00e9 Helga : Explosion florale et kal\u00e9idoscope de couleurs ! Con\u00e7u aux \u00c9tats-Unis, s\u00e9rigraphi\u00e9 \u00e0 la main en Inde, avec ce souci du d\u00e9tail artisanal qui fait toute la diff\u00e9rence. Un vent de fra\u00eecheur souffle avec ce carr\u00e9 100 % coton, o\u00f9 les fleurs prennent vie dans un jeu de sym\u00e9trie hypnotique. Sur un fond [&hellip;]<\/p>\n","protected":false},"featured_media":3848878,"comment_status":"open","ping_status":"closed","template":"","meta":[],"product_brand":[],"product_cat":[],"product_tag":[],"acf":[],"_links":{"self":[{"href":"https:\/\/streetmarkets.fr\/app\/wp-json\/wp\/v2\/product\/3848877"}],"collection":[{"href":"https:\/\/streetmarkets.fr\/app\/wp-json\/wp\/v2\/product"}],"about":[{"href":"https:\/\/streetmarkets.fr\/app\/wp-json\/wp\/v2\/types\/product"}],"replies":[{"embeddable":true,"href":"https:\/\/streetmarkets.fr\/app\/wp-json\/wp\/v2\/comments?post=3848877"}],"wp:featuredmedia":[{"embeddable":true,"href":"https:\/\/streetmarkets.fr\/app\/wp-json\/wp\/v2\/media\/3848878"}],"wp:attachment":[{"href":"https:\/\/streetmarkets.fr\/app\/wp-json\/wp\/v2\/media?parent=3848877"}],"wp:term":[{"taxonomy":"product_brand","embeddable":true,"href":"https:\/\/streetmarkets.fr\/app\/wp-json\/wp\/v2\/product_brand?post=3848877"},{"taxonomy":"product_cat","embeddable":true,"href":"https:\/\/streetmarkets.fr\/app\/wp-json\/wp\/v2\/product_cat?post=3848877"},{"taxonomy":"product_tag","embeddable":true,"href":"https:\/\/streetmarkets.fr\/app\/wp-json\/wp\/v2\/product_tag?post=3848877"}],"curies":[{"name":"wp","href":"https:\/\/api.w.org\/{rel}","templated":true}]}}