{"id":3848825,"date":"2026-03-27T00:00:08","date_gmt":"2026-03-26T23:00:08","guid":{"rendered":"https:\/\/streetmarkets.fr\/app\/produit\/pince-calendula\/"},"modified":"2026-05-10T01:00:02","modified_gmt":"2026-05-09T23:00:02","slug":"pince-calendula","status":"publish","type":"product","link":"https:\/\/streetmarkets.fr\/app\/produit\/pince-calendula\/","title":{"rendered":"Pince Calendula"},"content":{"rendered":"<p>Pince \u00e0 cheveux Calendula : La fleur qu\u2019on pr\u00e9f\u00e8re porter dans les cheveux !\u00a0<br \/>Pas besoin de prairie pour jouer les reines des champs : cette pince \u00e0 cheveux en forme de calendula suffit \u00e0 donner l\u2019effet \u201cbalade bucolique\u201d en deux secondes. Ses teintes vertes et orang\u00e9es relev\u00e9es de d\u00e9tails dor\u00e9s lui donnent un c\u00f4t\u00e9 solaire, parfait pour sublimer nos coiffures du quotidien. Chignon improvis\u00e9 ou demi-queue boh\u00e8me, elle tient tout en place avec style.<\/p>\n<p>Ce qui nous fait sourire :<\/p>\n<ul data-start=\"493\" data-end=\"743\">\n<li data-start=\"493\" data-end=\"580\">Une fleur comestible\u2026 mais encore plus jolie quand elle se glisse dans nos cheveux.<\/li>\n<li data-start=\"581\" data-end=\"659\">Chaque pince est unique, comme cueillie directement dans un champ sauvage.<\/li>\n<li data-start=\"660\" data-end=\"743\">L\u2019accessoire qui transforme une coiffure simple en moment champ\u00eatre instantan\u00e9.<\/li>\n<\/ul>\n<p>Le petit plus qui change tout :\u00a0On dirait une vraie fleur s\u00e9ch\u00e9e qu\u2019on aurait rapport\u00e9e d\u2019une balade d\u2019\u00e9t\u00e9.<\/p>\n","protected":false},"excerpt":{"rendered":"<p>Pince \u00e0 cheveux Calendula : La fleur qu\u2019on pr\u00e9f\u00e8re porter dans les cheveux !\u00a0Pas besoin de prairie pour jouer les reines des champs : cette pince \u00e0 cheveux en forme de calendula suffit \u00e0 donner l\u2019effet \u201cbalade bucolique\u201d en deux secondes. Ses teintes vertes et orang\u00e9es relev\u00e9es de d\u00e9tails dor\u00e9s lui donnent un c\u00f4t\u00e9 solaire, [&hellip;]<\/p>\n","protected":false},"featured_media":3848826,"comment_status":"open","ping_status":"closed","template":"","meta":[],"product_brand":[],"product_cat":[],"product_tag":[],"acf":[],"_links":{"self":[{"href":"https:\/\/streetmarkets.fr\/app\/wp-json\/wp\/v2\/product\/3848825"}],"collection":[{"href":"https:\/\/streetmarkets.fr\/app\/wp-json\/wp\/v2\/product"}],"about":[{"href":"https:\/\/streetmarkets.fr\/app\/wp-json\/wp\/v2\/types\/product"}],"replies":[{"embeddable":true,"href":"https:\/\/streetmarkets.fr\/app\/wp-json\/wp\/v2\/comments?post=3848825"}],"wp:featuredmedia":[{"embeddable":true,"href":"https:\/\/streetmarkets.fr\/app\/wp-json\/wp\/v2\/media\/3848826"}],"wp:attachment":[{"href":"https:\/\/streetmarkets.fr\/app\/wp-json\/wp\/v2\/media?parent=3848825"}],"wp:term":[{"taxonomy":"product_brand","embeddable":true,"href":"https:\/\/streetmarkets.fr\/app\/wp-json\/wp\/v2\/product_brand?post=3848825"},{"taxonomy":"product_cat","embeddable":true,"href":"https:\/\/streetmarkets.fr\/app\/wp-json\/wp\/v2\/product_cat?post=3848825"},{"taxonomy":"product_tag","embeddable":true,"href":"https:\/\/streetmarkets.fr\/app\/wp-json\/wp\/v2\/product_tag?post=3848825"}],"curies":[{"name":"wp","href":"https:\/\/api.w.org\/{rel}","templated":true}]}}