{"id":3848799,"date":"2026-03-27T00:00:05","date_gmt":"2026-03-26T23:00:05","guid":{"rendered":"https:\/\/streetmarkets.fr\/app\/produit\/lunettes-lilly-coquina\/"},"modified":"2026-04-14T01:00:21","modified_gmt":"2026-04-13T23:00:21","slug":"lunettes-lilly-coquina","status":"publish","type":"product","link":"https:\/\/streetmarkets.fr\/app\/produit\/lunettes-lilly-coquina\/","title":{"rendered":"Lunettes Lilly Coquina"},"content":{"rendered":"<p>On adore cette paire de lunettes classique et moderne pr\u00e9sentant un motif marron.<br \/>Alliant style et conscience \u00e9cologique, les montures sont fa\u00e7onn\u00e9es avec de l\u2019ac\u00e9tate et jusqu\u2019\u00e0 50% de mati\u00e8re recycl\u00e9e.<br \/>On profite du soleil en toute tranquillit\u00e9 avec ces lunettes \u00e9quip\u00e9es d\u2019une protection UV 400, assurant une d\u00e9fense maximale contre les rayons UV.<\/p>\n","protected":false},"excerpt":{"rendered":"<p>On adore cette paire de lunettes classique et moderne pr\u00e9sentant un motif marron.Alliant style et conscience \u00e9cologique, les montures sont fa\u00e7onn\u00e9es avec de l\u2019ac\u00e9tate et jusqu\u2019\u00e0 50% de mati\u00e8re recycl\u00e9e.On profite du soleil en toute tranquillit\u00e9 avec ces lunettes \u00e9quip\u00e9es d\u2019une protection UV 400, assurant une d\u00e9fense maximale contre les rayons UV.<\/p>\n","protected":false},"featured_media":3848800,"comment_status":"open","ping_status":"closed","template":"","meta":[],"product_brand":[],"product_cat":[],"product_tag":[],"acf":[],"_links":{"self":[{"href":"https:\/\/streetmarkets.fr\/app\/wp-json\/wp\/v2\/product\/3848799"}],"collection":[{"href":"https:\/\/streetmarkets.fr\/app\/wp-json\/wp\/v2\/product"}],"about":[{"href":"https:\/\/streetmarkets.fr\/app\/wp-json\/wp\/v2\/types\/product"}],"replies":[{"embeddable":true,"href":"https:\/\/streetmarkets.fr\/app\/wp-json\/wp\/v2\/comments?post=3848799"}],"wp:featuredmedia":[{"embeddable":true,"href":"https:\/\/streetmarkets.fr\/app\/wp-json\/wp\/v2\/media\/3848800"}],"wp:attachment":[{"href":"https:\/\/streetmarkets.fr\/app\/wp-json\/wp\/v2\/media?parent=3848799"}],"wp:term":[{"taxonomy":"product_brand","embeddable":true,"href":"https:\/\/streetmarkets.fr\/app\/wp-json\/wp\/v2\/product_brand?post=3848799"},{"taxonomy":"product_cat","embeddable":true,"href":"https:\/\/streetmarkets.fr\/app\/wp-json\/wp\/v2\/product_cat?post=3848799"},{"taxonomy":"product_tag","embeddable":true,"href":"https:\/\/streetmarkets.fr\/app\/wp-json\/wp\/v2\/product_tag?post=3848799"}],"curies":[{"name":"wp","href":"https:\/\/api.w.org\/{rel}","templated":true}]}}