{"id":3848795,"date":"2026-03-27T00:00:05","date_gmt":"2026-03-26T23:00:05","guid":{"rendered":"https:\/\/streetmarkets.fr\/app\/produit\/pince-rouge-gorge\/"},"modified":"2026-05-10T00:59:52","modified_gmt":"2026-05-09T22:59:52","slug":"pince-rouge-gorge","status":"publish","type":"product","link":"https:\/\/streetmarkets.fr\/app\/produit\/pince-rouge-gorge\/","title":{"rendered":"Pince Rouge-gorge"},"content":{"rendered":"<p data-start=\"103\" data-end=\"178\">Pince \u00e0 cheveux Oiseau Rouge \u2013 Le d\u00e9tail qui fait chanter nos coiffures<br \/>On a laiss\u00e9 ce petit piaf se poser dans nos cheveux\u2026 et clairement, il y est tr\u00e8s bien.<br data-start=\"267\" data-end=\"270\">Format rondouillet, regard vif et frimousse rouge \u00e9clatante : tout est r\u00e9uni pour un accessoire qui attire l\u2019\u0153il et donne du style.<\/p>\n<p data-start=\"404\" data-end=\"585\">Que nos cheveux soient l\u00e2ch\u00e9s, attach\u00e9s \u00e0 la va-vite ou savamment coiff\u00e9s, cette pince c&#8217;est instantan\u00e9ment une touche joyeuse et styl\u00e9e. Un vrai shoot de bonne humeur capillaire.<\/p>\n<p data-start=\"587\" data-end=\"607\">Pourquoi on craque :<br \/>&#8211; Parce qu\u2019elle illumine une coiffure en un clin d\u2019\u0153il<br data-start=\"661\" data-end=\"664\">&#8211; Parce qu\u2019elle ajoute ce twist fun qui fait la diff\u00e9rence<br data-start=\"720\" data-end=\"723\">&#8211; Parce qu\u2019un rouge gorge dans les cheveux, \u00e7a porte forc\u00e9ment bonheur<\/p>\n<p data-start=\"794\" data-end=\"916\" data-is-last-node=\"\" data-is-only-node=\"\">Un petit accessoire plein de caract\u00e8re, \u00e0 adopter quand on a envie que nos cheveux aient, eux aussi, quelque chose \u00e0 dire.<\/p>\n","protected":false},"excerpt":{"rendered":"<p>Pince \u00e0 cheveux Oiseau Rouge \u2013 Le d\u00e9tail qui fait chanter nos coiffuresOn a laiss\u00e9 ce petit piaf se poser dans nos cheveux\u2026 et clairement, il y est tr\u00e8s bien.Format rondouillet, regard vif et frimousse rouge \u00e9clatante : tout est r\u00e9uni pour un accessoire qui attire l\u2019\u0153il et donne du style. Que nos cheveux soient [&hellip;]<\/p>\n","protected":false},"featured_media":3848796,"comment_status":"open","ping_status":"closed","template":"","meta":[],"product_brand":[],"product_cat":[],"product_tag":[],"acf":[],"_links":{"self":[{"href":"https:\/\/streetmarkets.fr\/app\/wp-json\/wp\/v2\/product\/3848795"}],"collection":[{"href":"https:\/\/streetmarkets.fr\/app\/wp-json\/wp\/v2\/product"}],"about":[{"href":"https:\/\/streetmarkets.fr\/app\/wp-json\/wp\/v2\/types\/product"}],"replies":[{"embeddable":true,"href":"https:\/\/streetmarkets.fr\/app\/wp-json\/wp\/v2\/comments?post=3848795"}],"wp:featuredmedia":[{"embeddable":true,"href":"https:\/\/streetmarkets.fr\/app\/wp-json\/wp\/v2\/media\/3848796"}],"wp:attachment":[{"href":"https:\/\/streetmarkets.fr\/app\/wp-json\/wp\/v2\/media?parent=3848795"}],"wp:term":[{"taxonomy":"product_brand","embeddable":true,"href":"https:\/\/streetmarkets.fr\/app\/wp-json\/wp\/v2\/product_brand?post=3848795"},{"taxonomy":"product_cat","embeddable":true,"href":"https:\/\/streetmarkets.fr\/app\/wp-json\/wp\/v2\/product_cat?post=3848795"},{"taxonomy":"product_tag","embeddable":true,"href":"https:\/\/streetmarkets.fr\/app\/wp-json\/wp\/v2\/product_tag?post=3848795"}],"curies":[{"name":"wp","href":"https:\/\/api.w.org\/{rel}","templated":true}]}}