{"id":3842421,"date":"2026-03-25T01:42:12","date_gmt":"2026-03-25T00:42:12","guid":{"rendered":"https:\/\/streetmarkets.fr\/app\/produit\/sweatshirt-col-rond-velo-242-m-combo-b\/"},"modified":"2026-04-11T02:45:08","modified_gmt":"2026-04-11T00:45:08","slug":"sweatshirt-col-rond-velo-242-m-combo-b","status":"publish","type":"product","link":"https:\/\/streetmarkets.fr\/app\/produit\/sweatshirt-col-rond-velo-242-m-combo-b\/","title":{"rendered":"Sweatshirt col rond Velo (242 \/ M \/ COMBO B)"},"content":{"rendered":"<p style='margin: 0px;line-height: 1.53846;font-family: Poppins, Arial, \"sans-serif\";font-size: 14px;font-style: normal;font-weight: 400;letter-spacing: normal;text-align: left;text-indent: 0px;text-transform: none' id=\"isPasted\">Sweatshirt droit \u00e0 col rond, coupe r\u00e9guli\u00e8re, en jersey de coton et laine bross\u00e9 gris chin\u00e9.<\/p>\n<ul style='line-height: 1.53846;font-family: Poppins, Arial, \"sans-serif\";font-size: 14px;font-style: normal;font-weight: 400;letter-spacing: normal;text-align: left;text-indent: 0px;text-transform: none'>\n<li>Coupe droite classique<\/li>\n<li>Col rond<\/li>\n<li>Poche poitrine plaqu\u00e9e<\/li>\n<li>Ourlet droit<\/li>\n<li>Jersey double face en coton et laine<\/li>\n<\/ul>\n","protected":false},"excerpt":{"rendered":"<p>Sweatshirt droit \u00e0 col rond, coupe r\u00e9guli\u00e8re, en jersey de coton et laine bross\u00e9 gris chin\u00e9. Coupe droite classique Col rond Poche poitrine plaqu\u00e9e Ourlet droit Jersey double face en coton et laine<\/p>\n","protected":false},"featured_media":3933099,"comment_status":"open","ping_status":"closed","template":"","meta":[],"product_brand":[2529],"product_cat":[],"product_tag":[],"acf":[],"_links":{"self":[{"href":"https:\/\/streetmarkets.fr\/app\/wp-json\/wp\/v2\/product\/3842421"}],"collection":[{"href":"https:\/\/streetmarkets.fr\/app\/wp-json\/wp\/v2\/product"}],"about":[{"href":"https:\/\/streetmarkets.fr\/app\/wp-json\/wp\/v2\/types\/product"}],"replies":[{"embeddable":true,"href":"https:\/\/streetmarkets.fr\/app\/wp-json\/wp\/v2\/comments?post=3842421"}],"wp:featuredmedia":[{"embeddable":true,"href":"https:\/\/streetmarkets.fr\/app\/wp-json\/wp\/v2\/media\/3933099"}],"wp:attachment":[{"href":"https:\/\/streetmarkets.fr\/app\/wp-json\/wp\/v2\/media?parent=3842421"}],"wp:term":[{"taxonomy":"product_brand","embeddable":true,"href":"https:\/\/streetmarkets.fr\/app\/wp-json\/wp\/v2\/product_brand?post=3842421"},{"taxonomy":"product_cat","embeddable":true,"href":"https:\/\/streetmarkets.fr\/app\/wp-json\/wp\/v2\/product_cat?post=3842421"},{"taxonomy":"product_tag","embeddable":true,"href":"https:\/\/streetmarkets.fr\/app\/wp-json\/wp\/v2\/product_tag?post=3842421"}],"curies":[{"name":"wp","href":"https:\/\/api.w.org\/{rel}","templated":true}]}}