{"id":3836636,"date":"2026-03-25T01:03:26","date_gmt":"2026-03-25T00:03:26","guid":{"rendered":"https:\/\/streetmarkets.fr\/app\/produit\/ordinary-fit-barber-blouse-blue\/"},"modified":"2026-05-15T02:04:02","modified_gmt":"2026-05-15T00:04:02","slug":"ordinary-fit-barber-blouse-blue","status":"publish","type":"product","link":"https:\/\/streetmarkets.fr\/app\/produit\/ordinary-fit-barber-blouse-blue\/","title":{"rendered":"ORDINARY FIT BARBER Blouse Blue"},"content":{"rendered":"<div class=\"woocommerce-product-details__short-description\">\n<div class=\"woocommerce-product-details__short-description\">\n<p><strong>Cr\u00e9ateur :<\/strong> Ordinary Fit, Fabriqu\u00e9 au Japon<\/p>\n<p><strong>R\u00e9alisation : <\/strong>100 % coton en Taille Unique ( \u00e9quivalent S )<\/p>\n<\/div>\n<\/div>\n","protected":false},"excerpt":{"rendered":"<p>Cr\u00e9ateur : Ordinary Fit, Fabriqu\u00e9 au Japon R\u00e9alisation : 100 % coton en Taille Unique ( \u00e9quivalent S )<\/p>\n","protected":false},"featured_media":3836637,"comment_status":"open","ping_status":"closed","template":"","meta":[],"product_brand":[],"product_cat":[],"product_tag":[],"acf":[],"_links":{"self":[{"href":"https:\/\/streetmarkets.fr\/app\/wp-json\/wp\/v2\/product\/3836636"}],"collection":[{"href":"https:\/\/streetmarkets.fr\/app\/wp-json\/wp\/v2\/product"}],"about":[{"href":"https:\/\/streetmarkets.fr\/app\/wp-json\/wp\/v2\/types\/product"}],"replies":[{"embeddable":true,"href":"https:\/\/streetmarkets.fr\/app\/wp-json\/wp\/v2\/comments?post=3836636"}],"wp:featuredmedia":[{"embeddable":true,"href":"https:\/\/streetmarkets.fr\/app\/wp-json\/wp\/v2\/media\/3836637"}],"wp:attachment":[{"href":"https:\/\/streetmarkets.fr\/app\/wp-json\/wp\/v2\/media?parent=3836636"}],"wp:term":[{"taxonomy":"product_brand","embeddable":true,"href":"https:\/\/streetmarkets.fr\/app\/wp-json\/wp\/v2\/product_brand?post=3836636"},{"taxonomy":"product_cat","embeddable":true,"href":"https:\/\/streetmarkets.fr\/app\/wp-json\/wp\/v2\/product_cat?post=3836636"},{"taxonomy":"product_tag","embeddable":true,"href":"https:\/\/streetmarkets.fr\/app\/wp-json\/wp\/v2\/product_tag?post=3836636"}],"curies":[{"name":"wp","href":"https:\/\/api.w.org\/{rel}","templated":true}]}}