{"id":3836606,"date":"2026-03-25T01:03:13","date_gmt":"2026-03-25T00:03:13","guid":{"rendered":"https:\/\/streetmarkets.fr\/app\/produit\/ordinary-fit-uniform-jacket-un005-sage\/"},"modified":"2026-05-13T02:05:32","modified_gmt":"2026-05-13T00:05:32","slug":"ordinary-fit-uniform-jacket-un005-sage","status":"publish","type":"product","link":"https:\/\/streetmarkets.fr\/app\/produit\/ordinary-fit-uniform-jacket-un005-sage\/","title":{"rendered":"ORDINARY FIT UNIFORM Jacket UN005 Sage"},"content":{"rendered":"<div class=\"woocommerce-product-details__short-description\">\n<div class=\"woocommerce-product-details__short-description\">\n<div class=\"woocommerce-product-details__short-description\">\n<p><strong>Cr\u00e9ateur :<\/strong> Ordinary Fit, Fabriqu\u00e9 au Japon<\/p>\n<p><strong>R\u00e9alisation : <\/strong>100 % coton<\/p>\n<\/div>\n<\/div>\n<\/div>\n","protected":false},"excerpt":{"rendered":"<p>Cr\u00e9ateur : Ordinary Fit, Fabriqu\u00e9 au Japon R\u00e9alisation : 100 % coton<\/p>\n","protected":false},"featured_media":3836607,"comment_status":"open","ping_status":"closed","template":"","meta":[],"product_brand":[],"product_cat":[],"product_tag":[],"acf":[],"_links":{"self":[{"href":"https:\/\/streetmarkets.fr\/app\/wp-json\/wp\/v2\/product\/3836606"}],"collection":[{"href":"https:\/\/streetmarkets.fr\/app\/wp-json\/wp\/v2\/product"}],"about":[{"href":"https:\/\/streetmarkets.fr\/app\/wp-json\/wp\/v2\/types\/product"}],"replies":[{"embeddable":true,"href":"https:\/\/streetmarkets.fr\/app\/wp-json\/wp\/v2\/comments?post=3836606"}],"wp:featuredmedia":[{"embeddable":true,"href":"https:\/\/streetmarkets.fr\/app\/wp-json\/wp\/v2\/media\/3836607"}],"wp:attachment":[{"href":"https:\/\/streetmarkets.fr\/app\/wp-json\/wp\/v2\/media?parent=3836606"}],"wp:term":[{"taxonomy":"product_brand","embeddable":true,"href":"https:\/\/streetmarkets.fr\/app\/wp-json\/wp\/v2\/product_brand?post=3836606"},{"taxonomy":"product_cat","embeddable":true,"href":"https:\/\/streetmarkets.fr\/app\/wp-json\/wp\/v2\/product_cat?post=3836606"},{"taxonomy":"product_tag","embeddable":true,"href":"https:\/\/streetmarkets.fr\/app\/wp-json\/wp\/v2\/product_tag?post=3836606"}],"curies":[{"name":"wp","href":"https:\/\/api.w.org\/{rel}","templated":true}]}}