{"id":3836498,"date":"2026-03-25T00:18:24","date_gmt":"2026-03-24T23:18:24","guid":{"rendered":"https:\/\/streetmarkets.fr\/app\/produit\/pins-timbre-paris-17eme\/"},"modified":"2026-05-09T01:17:41","modified_gmt":"2026-05-08T23:17:41","slug":"pins-timbre-paris-17eme","status":"publish","type":"product","link":"https:\/\/streetmarkets.fr\/app\/produit\/pins-timbre-paris-17eme\/","title":{"rendered":"Pin&#8217;s Timbre Paris 17\u00e8me"},"content":{"rendered":"<div class=\"rte-content\" id=\"product-description-short-41\"><a title=\"Collection Les Imprimeuses\" href=\"https:\/\/frenchtouche.com\/collections\/les-imprimeuses\"><strong>Collection Les Imprimeuses<\/strong><\/a><\/div>\n<div class=\"rte-content\">\n<p data-start=\"189\" data-end=\"406\"><br data-end=\"275\" data-start=\"272\"><span>Le\u00a0<\/span>pin\u2019s <strong data-end=\"327\" data-start=\"278\">Timbre Paris 17\u00e8me<\/strong><span>\u00a0rend hommage aux balades parisiennes, \u00e0 la douceur des Batignolles et \u00e0 ces moments suspendus sous le ciel du 17e.<\/span><\/p>\n<p>\u00c0 porter sur un t-shirt, sur un pull ou \u00e0 accrocher par milliers sur vos tote bags. Toutes les occasions sont bonnes pour collectionner les pin&#8217;s\u00a0<em>Les Imprimeuses <\/em>!<\/p>\n<ul>\n<li>Dimensions du pin&#8217;s : environ 2,6 x 3,4 cm\n<\/li>\n<li>Dimension de la carte : 7,5 x 12,5 cm<\/li>\n<li>Pin&#8217;s \u00e9maill\u00e9 et num\u00e9rot\u00e9\n<\/li>\n<\/ul>\n<\/div>\n","protected":false},"excerpt":{"rendered":"<p>Collection Les Imprimeuses Le\u00a0pin\u2019s Timbre Paris 17\u00e8me\u00a0rend hommage aux balades parisiennes, \u00e0 la douceur des Batignolles et \u00e0 ces moments suspendus sous le ciel du 17e. \u00c0 porter sur un t-shirt, sur un pull ou \u00e0 accrocher par milliers sur vos tote bags. Toutes les occasions sont bonnes pour collectionner les pin&#8217;s\u00a0Les Imprimeuses ! Dimensions [&hellip;]<\/p>\n","protected":false},"featured_media":3836499,"comment_status":"open","ping_status":"closed","template":"","meta":[],"product_brand":[],"product_cat":[],"product_tag":[],"acf":[],"_links":{"self":[{"href":"https:\/\/streetmarkets.fr\/app\/wp-json\/wp\/v2\/product\/3836498"}],"collection":[{"href":"https:\/\/streetmarkets.fr\/app\/wp-json\/wp\/v2\/product"}],"about":[{"href":"https:\/\/streetmarkets.fr\/app\/wp-json\/wp\/v2\/types\/product"}],"replies":[{"embeddable":true,"href":"https:\/\/streetmarkets.fr\/app\/wp-json\/wp\/v2\/comments?post=3836498"}],"wp:featuredmedia":[{"embeddable":true,"href":"https:\/\/streetmarkets.fr\/app\/wp-json\/wp\/v2\/media\/3836499"}],"wp:attachment":[{"href":"https:\/\/streetmarkets.fr\/app\/wp-json\/wp\/v2\/media?parent=3836498"}],"wp:term":[{"taxonomy":"product_brand","embeddable":true,"href":"https:\/\/streetmarkets.fr\/app\/wp-json\/wp\/v2\/product_brand?post=3836498"},{"taxonomy":"product_cat","embeddable":true,"href":"https:\/\/streetmarkets.fr\/app\/wp-json\/wp\/v2\/product_cat?post=3836498"},{"taxonomy":"product_tag","embeddable":true,"href":"https:\/\/streetmarkets.fr\/app\/wp-json\/wp\/v2\/product_tag?post=3836498"}],"curies":[{"name":"wp","href":"https:\/\/api.w.org\/{rel}","templated":true}]}}