{"id":3836485,"date":"2026-03-25T00:18:21","date_gmt":"2026-03-24T23:18:21","guid":{"rendered":"https:\/\/streetmarkets.fr\/app\/produit\/pins-marguerite\/"},"modified":"2026-05-09T01:17:29","modified_gmt":"2026-05-08T23:17:29","slug":"pins-marguerite","status":"publish","type":"product","link":"https:\/\/streetmarkets.fr\/app\/produit\/pins-marguerite\/","title":{"rendered":"Pin&#8217;s Marguerite"},"content":{"rendered":"<div id=\"product-description-short-41\" class=\"rte-content\"><a href=\"https:\/\/frenchtouche.com\/collections\/les-imprimeuses\" title=\"Collection Les Imprimeuses\"><strong>Collection Les Imprimeuses<\/strong><\/a><\/div>\n<div class=\"rte-content\">\n<span><\/span>\n<\/div>\n<div class=\"rte-content\">\n<p data-end=\"284\" data-start=\"177\"><span>Je t\u2019aime, un peu, beaucoup, passionn\u00e9ment\u2026 \u00e0 la folie.<\/span><br data-end=\"259\" data-start=\"256\"><span>Ce duo de pin\u2019s \u2014 une marguerite et sa p\u00e9tale \u2014 joue avec le rituel romantique que l\u2019on conna\u00eet tous.\u00a0<\/span><\/p>\n<p>\u00c0 porter sur un t-shirt, sur un pull ou \u00e0 accrocher par milliers sur vos tote bags. Toutes les occasions sont bonnes pour collectionner les pin&#8217;s\u00a0<em>Les Imprimeuses <\/em>!<\/p>\n<ul>\n<li>Dimensions du pin&#8217;s marguerite : environ 2,5 x 2,4 cm<\/li>\n<li>Dimensions du pin&#8217;s p\u00e9tale : environ 1,2 x 0,5 cm\u00a0<\/li>\n<li>Dimension de la carte : 7,5 x 12,5 cm<\/li>\n<li>Pin&#8217;s \u00e9maill\u00e9 et num\u00e9rot\u00e9\n<\/li>\n<\/ul>\n<\/div>\n","protected":false},"excerpt":{"rendered":"<p>Collection Les Imprimeuses Je t\u2019aime, un peu, beaucoup, passionn\u00e9ment\u2026 \u00e0 la folie.Ce duo de pin\u2019s \u2014 une marguerite et sa p\u00e9tale \u2014 joue avec le rituel romantique que l\u2019on conna\u00eet tous.\u00a0 \u00c0 porter sur un t-shirt, sur un pull ou \u00e0 accrocher par milliers sur vos tote bags. Toutes les occasions sont bonnes pour collectionner [&hellip;]<\/p>\n","protected":false},"featured_media":3836486,"comment_status":"open","ping_status":"closed","template":"","meta":[],"product_brand":[],"product_cat":[],"product_tag":[],"acf":[],"_links":{"self":[{"href":"https:\/\/streetmarkets.fr\/app\/wp-json\/wp\/v2\/product\/3836485"}],"collection":[{"href":"https:\/\/streetmarkets.fr\/app\/wp-json\/wp\/v2\/product"}],"about":[{"href":"https:\/\/streetmarkets.fr\/app\/wp-json\/wp\/v2\/types\/product"}],"replies":[{"embeddable":true,"href":"https:\/\/streetmarkets.fr\/app\/wp-json\/wp\/v2\/comments?post=3836485"}],"wp:featuredmedia":[{"embeddable":true,"href":"https:\/\/streetmarkets.fr\/app\/wp-json\/wp\/v2\/media\/3836486"}],"wp:attachment":[{"href":"https:\/\/streetmarkets.fr\/app\/wp-json\/wp\/v2\/media?parent=3836485"}],"wp:term":[{"taxonomy":"product_brand","embeddable":true,"href":"https:\/\/streetmarkets.fr\/app\/wp-json\/wp\/v2\/product_brand?post=3836485"},{"taxonomy":"product_cat","embeddable":true,"href":"https:\/\/streetmarkets.fr\/app\/wp-json\/wp\/v2\/product_cat?post=3836485"},{"taxonomy":"product_tag","embeddable":true,"href":"https:\/\/streetmarkets.fr\/app\/wp-json\/wp\/v2\/product_tag?post=3836485"}],"curies":[{"name":"wp","href":"https:\/\/api.w.org\/{rel}","templated":true}]}}