{"id":3836293,"date":"2026-03-24T01:09:28","date_gmt":"2026-03-24T00:09:28","guid":{"rendered":"https:\/\/streetmarkets.fr\/app\/produit\/short-large-en-denim-pactol-261-w-pink-snow\/"},"modified":"2026-05-14T02:49:25","modified_gmt":"2026-05-14T00:49:25","slug":"short-large-en-denim-pactol-261-w-pink-snow","status":"publish","type":"product","link":"https:\/\/streetmarkets.fr\/app\/produit\/short-large-en-denim-pactol-261-w-pink-snow\/","title":{"rendered":"Short large en denim Pactol (261 \/ W \/ PINK SNOW)"},"content":{"rendered":"<p>Short boyfriend en denim rose d\u00e9lav\u00e9, coupe longue, jambes larges et ourlet brut.<\/p>\n<ul>\n<li>Bermuda en denim<\/li>\n<li>Style boyfriend<\/li>\n<li>Taille mi-haute<\/li>\n<li>Jambes larges<\/li>\n<li>Design classique \u00e0 cinq poches<\/li>\n<li>Fermeture zipp\u00e9e<\/li>\n<li>Ourlet brut et coup\u00e9<\/li>\n<li>Surpiq\u00fbres contrast\u00e9es<\/li>\n<\/ul>\n","protected":false},"excerpt":{"rendered":"<p>Short boyfriend en denim rose d\u00e9lav\u00e9, coupe longue, jambes larges et ourlet brut. Bermuda en denim Style boyfriend Taille mi-haute Jambes larges Design classique \u00e0 cinq poches Fermeture zipp\u00e9e Ourlet brut et coup\u00e9 Surpiq\u00fbres contrast\u00e9es<\/p>\n","protected":false},"featured_media":4135899,"comment_status":"open","ping_status":"closed","template":"","meta":[],"product_brand":[2529],"product_cat":[],"product_tag":[],"acf":[],"_links":{"self":[{"href":"https:\/\/streetmarkets.fr\/app\/wp-json\/wp\/v2\/product\/3836293"}],"collection":[{"href":"https:\/\/streetmarkets.fr\/app\/wp-json\/wp\/v2\/product"}],"about":[{"href":"https:\/\/streetmarkets.fr\/app\/wp-json\/wp\/v2\/types\/product"}],"replies":[{"embeddable":true,"href":"https:\/\/streetmarkets.fr\/app\/wp-json\/wp\/v2\/comments?post=3836293"}],"wp:featuredmedia":[{"embeddable":true,"href":"https:\/\/streetmarkets.fr\/app\/wp-json\/wp\/v2\/media\/4135899"}],"wp:attachment":[{"href":"https:\/\/streetmarkets.fr\/app\/wp-json\/wp\/v2\/media?parent=3836293"}],"wp:term":[{"taxonomy":"product_brand","embeddable":true,"href":"https:\/\/streetmarkets.fr\/app\/wp-json\/wp\/v2\/product_brand?post=3836293"},{"taxonomy":"product_cat","embeddable":true,"href":"https:\/\/streetmarkets.fr\/app\/wp-json\/wp\/v2\/product_cat?post=3836293"},{"taxonomy":"product_tag","embeddable":true,"href":"https:\/\/streetmarkets.fr\/app\/wp-json\/wp\/v2\/product_tag?post=3836293"}],"curies":[{"name":"wp","href":"https:\/\/api.w.org\/{rel}","templated":true}]}}