{"id":3836229,"date":"2026-03-24T01:09:22","date_gmt":"2026-03-24T00:09:22","guid":{"rendered":"https:\/\/streetmarkets.fr\/app\/produit\/pantalon-ample-kiara-261-w-bamboo\/"},"modified":"2026-05-08T02:56:36","modified_gmt":"2026-05-08T00:56:36","slug":"pantalon-ample-kiara-261-w-bamboo","status":"publish","type":"product","link":"https:\/\/streetmarkets.fr\/app\/produit\/pantalon-ample-kiara-261-w-bamboo\/","title":{"rendered":"Pantalon ample Kiara (261 \/ W \/ BAMBOO)"},"content":{"rendered":"<p>Pantalon d\u00e9contract\u00e9 kaki \u00e0 la coupe l\u00e9g\u00e8rement fusel\u00e9e, empi\u00e8cements d&#8217;inspiration utilitaire et grandes poches plaqu\u00e9es.<\/p>\n<ul>\n<li>Coupe d\u00e9contract\u00e9e<\/li>\n<li>Taille mi-haute, jambes fusel\u00e9es<\/li>\n<li>Twill l\u00e9ger en coton m\u00e9lang\u00e9<\/li>\n<li>Poches plaqu\u00e9es (devant et dos)<\/li>\n<li>Coutures apparentes au niveau des genoux<\/li>\n<li>Fermeture \u00e0 glissi\u00e8re<\/li>\n<\/ul>\n","protected":false},"excerpt":{"rendered":"<p>Pantalon d\u00e9contract\u00e9 kaki \u00e0 la coupe l\u00e9g\u00e8rement fusel\u00e9e, empi\u00e8cements d&#8217;inspiration utilitaire et grandes poches plaqu\u00e9es. Coupe d\u00e9contract\u00e9e Taille mi-haute, jambes fusel\u00e9es Twill l\u00e9ger en coton m\u00e9lang\u00e9 Poches plaqu\u00e9es (devant et dos) Coutures apparentes au niveau des genoux Fermeture \u00e0 glissi\u00e8re<\/p>\n","protected":false},"featured_media":4103005,"comment_status":"open","ping_status":"closed","template":"","meta":[],"product_brand":[2529],"product_cat":[],"product_tag":[],"acf":[],"_links":{"self":[{"href":"https:\/\/streetmarkets.fr\/app\/wp-json\/wp\/v2\/product\/3836229"}],"collection":[{"href":"https:\/\/streetmarkets.fr\/app\/wp-json\/wp\/v2\/product"}],"about":[{"href":"https:\/\/streetmarkets.fr\/app\/wp-json\/wp\/v2\/types\/product"}],"replies":[{"embeddable":true,"href":"https:\/\/streetmarkets.fr\/app\/wp-json\/wp\/v2\/comments?post=3836229"}],"wp:featuredmedia":[{"embeddable":true,"href":"https:\/\/streetmarkets.fr\/app\/wp-json\/wp\/v2\/media\/4103005"}],"wp:attachment":[{"href":"https:\/\/streetmarkets.fr\/app\/wp-json\/wp\/v2\/media?parent=3836229"}],"wp:term":[{"taxonomy":"product_brand","embeddable":true,"href":"https:\/\/streetmarkets.fr\/app\/wp-json\/wp\/v2\/product_brand?post=3836229"},{"taxonomy":"product_cat","embeddable":true,"href":"https:\/\/streetmarkets.fr\/app\/wp-json\/wp\/v2\/product_cat?post=3836229"},{"taxonomy":"product_tag","embeddable":true,"href":"https:\/\/streetmarkets.fr\/app\/wp-json\/wp\/v2\/product_tag?post=3836229"}],"curies":[{"name":"wp","href":"https:\/\/api.w.org\/{rel}","templated":true}]}}