{"id":3836203,"date":"2026-03-24T01:09:19","date_gmt":"2026-03-24T00:09:19","guid":{"rendered":"https:\/\/streetmarkets.fr\/app\/produit\/blouse-a-nouer-coral-261-w-check-a\/"},"modified":"2026-05-06T02:46:49","modified_gmt":"2026-05-06T00:46:49","slug":"blouse-a-nouer-coral-261-w-check-a","status":"publish","type":"product","link":"https:\/\/streetmarkets.fr\/app\/produit\/blouse-a-nouer-coral-261-w-check-a\/","title":{"rendered":"Blouse \u00e0 nouer Coral (261 \/ W \/ CHECK A)"},"content":{"rendered":"<p>Blouse ample \u00e0 col chemise, fermeture \u00e0 nouer sur le devant et manches courtes.<\/p>\n<ul>\n<li>Coupe d\u00e9contract\u00e9e<\/li>\n<li>Col chemise<\/li>\n<li>Manches courtes<\/li>\n<li>Fermeture boutonn\u00e9e sur le devant et ourlet nou\u00e9 sur le devant<\/li>\n<li>Pli creux dans le dos<\/li>\n<\/ul>\n","protected":false},"excerpt":{"rendered":"<p>Blouse ample \u00e0 col chemise, fermeture \u00e0 nouer sur le devant et manches courtes. Coupe d\u00e9contract\u00e9e Col chemise Manches courtes Fermeture boutonn\u00e9e sur le devant et ourlet nou\u00e9 sur le devant Pli creux dans le dos<\/p>\n","protected":false},"featured_media":4091788,"comment_status":"open","ping_status":"closed","template":"","meta":[],"product_brand":[2529],"product_cat":[],"product_tag":[],"acf":[],"_links":{"self":[{"href":"https:\/\/streetmarkets.fr\/app\/wp-json\/wp\/v2\/product\/3836203"}],"collection":[{"href":"https:\/\/streetmarkets.fr\/app\/wp-json\/wp\/v2\/product"}],"about":[{"href":"https:\/\/streetmarkets.fr\/app\/wp-json\/wp\/v2\/types\/product"}],"replies":[{"embeddable":true,"href":"https:\/\/streetmarkets.fr\/app\/wp-json\/wp\/v2\/comments?post=3836203"}],"wp:featuredmedia":[{"embeddable":true,"href":"https:\/\/streetmarkets.fr\/app\/wp-json\/wp\/v2\/media\/4091788"}],"wp:attachment":[{"href":"https:\/\/streetmarkets.fr\/app\/wp-json\/wp\/v2\/media?parent=3836203"}],"wp:term":[{"taxonomy":"product_brand","embeddable":true,"href":"https:\/\/streetmarkets.fr\/app\/wp-json\/wp\/v2\/product_brand?post=3836203"},{"taxonomy":"product_cat","embeddable":true,"href":"https:\/\/streetmarkets.fr\/app\/wp-json\/wp\/v2\/product_cat?post=3836203"},{"taxonomy":"product_tag","embeddable":true,"href":"https:\/\/streetmarkets.fr\/app\/wp-json\/wp\/v2\/product_tag?post=3836203"}],"curies":[{"name":"wp","href":"https:\/\/api.w.org\/{rel}","templated":true}]}}