{"id":3835860,"date":"2026-03-24T00:44:17","date_gmt":"2026-03-23T23:44:17","guid":{"rendered":"https:\/\/streetmarkets.fr\/app\/produit\/t-shirt-col-rond-a-poche-s26-homme-sage-green\/"},"modified":"2026-05-09T02:20:38","modified_gmt":"2026-05-09T00:20:38","slug":"t-shirt-col-rond-a-poche-s26-homme-sage-green","status":"publish","type":"product","link":"https:\/\/streetmarkets.fr\/app\/produit\/t-shirt-col-rond-a-poche-s26-homme-sage-green\/","title":{"rendered":"T-shirt Col Rond \u00e0 Poche (S26 \/ HOMME \/ Sage Green)"},"content":{"rendered":"<p>Indispensable de notre vestiaire, ce t-shirt \u00e0 manches courtes mise sur la simplicit\u00e9 et le confort. Confectionn\u00e9 au Portugal dans un coton de qualit\u00e9, il pr\u00e9sente une coupe regular classique agr\u00e9ment\u00e9e d&#8217;une poche plaqu\u00e9e sur la poitrine, discr\u00e8tement sign\u00e9e de notre message &#8220;FUTURE&#8221; flock\u00e9.<\/p>\n<p>&#8211; T-shirt col rond \u00e0 manches courtes<br \/>\n<br \/>&#8211; 100% Coton<br \/>\n<br \/>&#8211; Poche poitrine plaqu\u00e9e avec message &#8220;FUTURE&#8221; flock\u00e9<br \/>\n<br \/>&#8211; Coupe regular<\/p>\n","protected":false},"excerpt":{"rendered":"<p>Indispensable de notre vestiaire, ce t-shirt \u00e0 manches courtes mise sur la simplicit\u00e9 et le confort. Confectionn\u00e9 au Portugal dans un coton de qualit\u00e9, il pr\u00e9sente une coupe regular classique agr\u00e9ment\u00e9e d&#8217;une poche plaqu\u00e9e sur la poitrine, discr\u00e8tement sign\u00e9e de notre message &#8220;FUTURE&#8221; flock\u00e9. &#8211; T-shirt col rond \u00e0 manches courtes &#8211; 100% Coton &#8211; [&hellip;]<\/p>\n","protected":false},"featured_media":3835861,"comment_status":"open","ping_status":"closed","template":"","meta":[],"product_brand":[6868],"product_cat":[],"product_tag":[],"acf":[],"_links":{"self":[{"href":"https:\/\/streetmarkets.fr\/app\/wp-json\/wp\/v2\/product\/3835860"}],"collection":[{"href":"https:\/\/streetmarkets.fr\/app\/wp-json\/wp\/v2\/product"}],"about":[{"href":"https:\/\/streetmarkets.fr\/app\/wp-json\/wp\/v2\/types\/product"}],"replies":[{"embeddable":true,"href":"https:\/\/streetmarkets.fr\/app\/wp-json\/wp\/v2\/comments?post=3835860"}],"wp:featuredmedia":[{"embeddable":true,"href":"https:\/\/streetmarkets.fr\/app\/wp-json\/wp\/v2\/media\/3835861"}],"wp:attachment":[{"href":"https:\/\/streetmarkets.fr\/app\/wp-json\/wp\/v2\/media?parent=3835860"}],"wp:term":[{"taxonomy":"product_brand","embeddable":true,"href":"https:\/\/streetmarkets.fr\/app\/wp-json\/wp\/v2\/product_brand?post=3835860"},{"taxonomy":"product_cat","embeddable":true,"href":"https:\/\/streetmarkets.fr\/app\/wp-json\/wp\/v2\/product_cat?post=3835860"},{"taxonomy":"product_tag","embeddable":true,"href":"https:\/\/streetmarkets.fr\/app\/wp-json\/wp\/v2\/product_tag?post=3835860"}],"curies":[{"name":"wp","href":"https:\/\/api.w.org\/{rel}","templated":true}]}}