{"id":3835853,"date":"2026-03-24T00:44:13","date_gmt":"2026-03-23T23:44:13","guid":{"rendered":"https:\/\/streetmarkets.fr\/app\/produit\/casquette-a-broderies-vacation-club-s26-accessoires-ecru\/"},"modified":"2026-05-16T01:59:21","modified_gmt":"2026-05-15T23:59:21","slug":"casquette-a-broderies-vacation-club-s26-accessoires-ecru","status":"publish","type":"product","link":"https:\/\/streetmarkets.fr\/app\/produit\/casquette-a-broderies-vacation-club-s26-accessoires-ecru\/","title":{"rendered":"Casquette \u00e0 Broderies &#8220;Vacation Club&#8221; (S26 \/ ACCESSOIRES \/ Ecru)"},"content":{"rendered":"<p>Accessoire essentiel de la saison, cette casquette en coton propose un look d\u00e9contract\u00e9 et moderne. Elle se distingue par sa broderie signature &#8220;From Future VACATION CLUB&#8221; au point bourdon, apportant un relief graphique \u00e0 sa silhouette \u00e9pur\u00e9e. Un mod\u00e8le id\u00e9al pour parfaire vos tenues quotidiennes avec une touche iconique.<\/p>\n<p>&#8211; Casquette en coton<br \/>\n<br \/>&#8211; Visi\u00e8re courb\u00e9e<br \/>\n<br \/>&#8211; Broderie &#8220;Vacation Club&#8221; au point bourdon sur le devant<br \/>\n<br \/>&#8211; 100% Coton<br \/>\n<br \/>&#8211; Taille unique r\u00e9glable<\/p>\n","protected":false},"excerpt":{"rendered":"<p>Accessoire essentiel de la saison, cette casquette en coton propose un look d\u00e9contract\u00e9 et moderne. Elle se distingue par sa broderie signature &#8220;From Future VACATION CLUB&#8221; au point bourdon, apportant un relief graphique \u00e0 sa silhouette \u00e9pur\u00e9e. Un mod\u00e8le id\u00e9al pour parfaire vos tenues quotidiennes avec une touche iconique. &#8211; Casquette en coton &#8211; Visi\u00e8re [&hellip;]<\/p>\n","protected":false},"featured_media":3835854,"comment_status":"open","ping_status":"closed","template":"","meta":[],"product_brand":[6868],"product_cat":[],"product_tag":[],"acf":[],"_links":{"self":[{"href":"https:\/\/streetmarkets.fr\/app\/wp-json\/wp\/v2\/product\/3835853"}],"collection":[{"href":"https:\/\/streetmarkets.fr\/app\/wp-json\/wp\/v2\/product"}],"about":[{"href":"https:\/\/streetmarkets.fr\/app\/wp-json\/wp\/v2\/types\/product"}],"replies":[{"embeddable":true,"href":"https:\/\/streetmarkets.fr\/app\/wp-json\/wp\/v2\/comments?post=3835853"}],"wp:featuredmedia":[{"embeddable":true,"href":"https:\/\/streetmarkets.fr\/app\/wp-json\/wp\/v2\/media\/3835854"}],"wp:attachment":[{"href":"https:\/\/streetmarkets.fr\/app\/wp-json\/wp\/v2\/media?parent=3835853"}],"wp:term":[{"taxonomy":"product_brand","embeddable":true,"href":"https:\/\/streetmarkets.fr\/app\/wp-json\/wp\/v2\/product_brand?post=3835853"},{"taxonomy":"product_cat","embeddable":true,"href":"https:\/\/streetmarkets.fr\/app\/wp-json\/wp\/v2\/product_cat?post=3835853"},{"taxonomy":"product_tag","embeddable":true,"href":"https:\/\/streetmarkets.fr\/app\/wp-json\/wp\/v2\/product_tag?post=3835853"}],"curies":[{"name":"wp","href":"https:\/\/api.w.org\/{rel}","templated":true}]}}