{"id":3835752,"date":"2026-03-24T00:00:19","date_gmt":"2026-03-23T23:00:19","guid":{"rendered":"https:\/\/streetmarkets.fr\/app\/produit\/sautoir-sunset-pampilles\/"},"modified":"2026-05-03T00:59:50","modified_gmt":"2026-05-02T22:59:50","slug":"sautoir-sunset-pampilles","status":"publish","type":"product","link":"https:\/\/streetmarkets.fr\/app\/produit\/sautoir-sunset-pampilles\/","title":{"rendered":"Sautoir Sunset Pampilles"},"content":{"rendered":"<p>Ce bijou exquis allie un design \u00e9l\u00e9gant en laiton dor\u00e9, \u00e0 du verre et du cristal.<br \/>Les points fort de ce collier sont les pendentifs color\u00e9s dans des tons orange et bleu.<br \/>Id\u00e9al \u00e0 porter en solo ou mixer avec d\u2019autres colliers pour un look gipsy et boh\u00e8me.<\/p>\n","protected":false},"excerpt":{"rendered":"<p>Ce bijou exquis allie un design \u00e9l\u00e9gant en laiton dor\u00e9, \u00e0 du verre et du cristal.Les points fort de ce collier sont les pendentifs color\u00e9s dans des tons orange et bleu.Id\u00e9al \u00e0 porter en solo ou mixer avec d\u2019autres colliers pour un look gipsy et boh\u00e8me.<\/p>\n","protected":false},"featured_media":3835753,"comment_status":"open","ping_status":"closed","template":"","meta":[],"product_brand":[],"product_cat":[],"product_tag":[],"acf":[],"_links":{"self":[{"href":"https:\/\/streetmarkets.fr\/app\/wp-json\/wp\/v2\/product\/3835752"}],"collection":[{"href":"https:\/\/streetmarkets.fr\/app\/wp-json\/wp\/v2\/product"}],"about":[{"href":"https:\/\/streetmarkets.fr\/app\/wp-json\/wp\/v2\/types\/product"}],"replies":[{"embeddable":true,"href":"https:\/\/streetmarkets.fr\/app\/wp-json\/wp\/v2\/comments?post=3835752"}],"wp:featuredmedia":[{"embeddable":true,"href":"https:\/\/streetmarkets.fr\/app\/wp-json\/wp\/v2\/media\/3835753"}],"wp:attachment":[{"href":"https:\/\/streetmarkets.fr\/app\/wp-json\/wp\/v2\/media?parent=3835752"}],"wp:term":[{"taxonomy":"product_brand","embeddable":true,"href":"https:\/\/streetmarkets.fr\/app\/wp-json\/wp\/v2\/product_brand?post=3835752"},{"taxonomy":"product_cat","embeddable":true,"href":"https:\/\/streetmarkets.fr\/app\/wp-json\/wp\/v2\/product_cat?post=3835752"},{"taxonomy":"product_tag","embeddable":true,"href":"https:\/\/streetmarkets.fr\/app\/wp-json\/wp\/v2\/product_tag?post=3835752"}],"curies":[{"name":"wp","href":"https:\/\/api.w.org\/{rel}","templated":true}]}}