{"id":3835744,"date":"2026-03-24T00:00:18","date_gmt":"2026-03-23T23:00:18","guid":{"rendered":"https:\/\/streetmarkets.fr\/app\/produit\/boucles-oprah-donut\/"},"modified":"2026-05-12T00:59:59","modified_gmt":"2026-05-11T22:59:59","slug":"boucles-oprah-donut","status":"publish","type":"product","link":"https:\/\/streetmarkets.fr\/app\/produit\/boucles-oprah-donut\/","title":{"rendered":"Boucles Oprah donut"},"content":{"rendered":"<div class=\"flex max-w-full flex-col flex-grow\">\n<div data-message-author-role=\"assistant\" data-message-id=\"afaf5905-c435-4cc7-bfb1-d80fd07c667d\" dir=\"auto\" class=\"min-h-8 text-message flex w-full flex-col items-end gap-2 whitespace-normal break-words [.text-message+&amp;]:mt-5\" data-message-model-slug=\"gpt-4o\">\n<div class=\"flex w-full flex-col gap-1 empty:hidden first:pt-[3px]\">\n<div class=\"markdown prose w-full break-words dark:prose-invert light\">\n<p>Boucles d\u2019oreilles Oprah \u2013 L&#8217;accessoire 2-en-1 qui fait la diff\u00e9rence !<br \/>On a totalement craqu\u00e9 pour les boucles d&#8217;oreilles Oprah et leurs jolies rondeurs.<br \/>Leurs attouts :<\/p>\n<ul>\n<li>Double style : l\u2019anneau donut est amovible, ce qui permet de porter ces boucles de deux fa\u00e7ons diff\u00e9rentes : avec les mini-cr\u00e9oles seules pour un look minimaliste ou avec l&#8217;anneau pour un effet plus audacieux.<\/li>\n<li>Design unique : fabriqu\u00e9es \u00e0 la main en laiton dor\u00e9, elles mixent originalit\u00e9 et simplicit\u00e9 \u00e0 merveille.<\/li>\n<li>Qualit\u00e9 fran\u00e7aise : plaqu\u00e9 or et faites avec soin en France, ces boucles sont con\u00e7ues pour durer.<\/li>\n<\/ul>\n<p>Avec Oprah, on joue avec les styles et on illumine nos tenues en un clin d\u2019\u0153il.<\/p>\n<\/div>\n<\/div>\n<\/div>\n<\/div>\n","protected":false},"excerpt":{"rendered":"<p>Boucles d\u2019oreilles Oprah \u2013 L&#8217;accessoire 2-en-1 qui fait la diff\u00e9rence !On a totalement craqu\u00e9 pour les boucles d&#8217;oreilles Oprah et leurs jolies rondeurs.Leurs attouts : Double style : l\u2019anneau donut est amovible, ce qui permet de porter ces boucles de deux fa\u00e7ons diff\u00e9rentes : avec les mini-cr\u00e9oles seules pour un look minimaliste ou avec l&#8217;anneau [&hellip;]<\/p>\n","protected":false},"featured_media":3835745,"comment_status":"open","ping_status":"closed","template":"","meta":[],"product_brand":[],"product_cat":[],"product_tag":[],"acf":[],"_links":{"self":[{"href":"https:\/\/streetmarkets.fr\/app\/wp-json\/wp\/v2\/product\/3835744"}],"collection":[{"href":"https:\/\/streetmarkets.fr\/app\/wp-json\/wp\/v2\/product"}],"about":[{"href":"https:\/\/streetmarkets.fr\/app\/wp-json\/wp\/v2\/types\/product"}],"replies":[{"embeddable":true,"href":"https:\/\/streetmarkets.fr\/app\/wp-json\/wp\/v2\/comments?post=3835744"}],"wp:featuredmedia":[{"embeddable":true,"href":"https:\/\/streetmarkets.fr\/app\/wp-json\/wp\/v2\/media\/3835745"}],"wp:attachment":[{"href":"https:\/\/streetmarkets.fr\/app\/wp-json\/wp\/v2\/media?parent=3835744"}],"wp:term":[{"taxonomy":"product_brand","embeddable":true,"href":"https:\/\/streetmarkets.fr\/app\/wp-json\/wp\/v2\/product_brand?post=3835744"},{"taxonomy":"product_cat","embeddable":true,"href":"https:\/\/streetmarkets.fr\/app\/wp-json\/wp\/v2\/product_cat?post=3835744"},{"taxonomy":"product_tag","embeddable":true,"href":"https:\/\/streetmarkets.fr\/app\/wp-json\/wp\/v2\/product_tag?post=3835744"}],"curies":[{"name":"wp","href":"https:\/\/api.w.org\/{rel}","templated":true}]}}