{"id":3835698,"date":"2026-03-24T00:00:14","date_gmt":"2026-03-23T23:00:14","guid":{"rendered":"https:\/\/streetmarkets.fr\/app\/produit\/jupe-ameline-navy\/"},"modified":"2026-05-05T01:00:13","modified_gmt":"2026-05-04T23:00:13","slug":"jupe-ameline-navy","status":"publish","type":"product","link":"https:\/\/streetmarkets.fr\/app\/produit\/jupe-ameline-navy\/","title":{"rendered":"Jupe Ameline Navy"},"content":{"rendered":"<p>La jupe droite \u00e0 paillettes est devenue un incontournable du vestiaire.\u00a0<br \/>On peut choisr de la porter en version festive avec un top en satin, par exemple, mais en version ville avec des baskets et un petit blouson, elle est parfaite.<br \/>Ameline Navy, met en valeur notre silhouette tout en restant confortable gr\u00e2ce \u00e0 sa taille mi-haute \u00e9lastiqu\u00e9e.\u00a0<br \/>Avec sa longueur midi, elle est parfaite en toutes occasions .<\/p>\n","protected":false},"excerpt":{"rendered":"<p>La jupe droite \u00e0 paillettes est devenue un incontournable du vestiaire.\u00a0On peut choisr de la porter en version festive avec un top en satin, par exemple, mais en version ville avec des baskets et un petit blouson, elle est parfaite.Ameline Navy, met en valeur notre silhouette tout en restant confortable gr\u00e2ce \u00e0 sa taille mi-haute [&hellip;]<\/p>\n","protected":false},"featured_media":3835699,"comment_status":"open","ping_status":"closed","template":"","meta":[],"product_brand":[],"product_cat":[],"product_tag":[],"acf":[],"_links":{"self":[{"href":"https:\/\/streetmarkets.fr\/app\/wp-json\/wp\/v2\/product\/3835698"}],"collection":[{"href":"https:\/\/streetmarkets.fr\/app\/wp-json\/wp\/v2\/product"}],"about":[{"href":"https:\/\/streetmarkets.fr\/app\/wp-json\/wp\/v2\/types\/product"}],"replies":[{"embeddable":true,"href":"https:\/\/streetmarkets.fr\/app\/wp-json\/wp\/v2\/comments?post=3835698"}],"wp:featuredmedia":[{"embeddable":true,"href":"https:\/\/streetmarkets.fr\/app\/wp-json\/wp\/v2\/media\/3835699"}],"wp:attachment":[{"href":"https:\/\/streetmarkets.fr\/app\/wp-json\/wp\/v2\/media?parent=3835698"}],"wp:term":[{"taxonomy":"product_brand","embeddable":true,"href":"https:\/\/streetmarkets.fr\/app\/wp-json\/wp\/v2\/product_brand?post=3835698"},{"taxonomy":"product_cat","embeddable":true,"href":"https:\/\/streetmarkets.fr\/app\/wp-json\/wp\/v2\/product_cat?post=3835698"},{"taxonomy":"product_tag","embeddable":true,"href":"https:\/\/streetmarkets.fr\/app\/wp-json\/wp\/v2\/product_tag?post=3835698"}],"curies":[{"name":"wp","href":"https:\/\/api.w.org\/{rel}","templated":true}]}}