{"id":3835679,"date":"2026-03-24T00:00:12","date_gmt":"2026-03-23T23:00:12","guid":{"rendered":"https:\/\/streetmarkets.fr\/app\/produit\/bob-mondarrain-chocolat\/"},"modified":"2026-05-12T00:59:59","modified_gmt":"2026-05-11T22:59:59","slug":"bob-mondarrain-chocolat","status":"publish","type":"product","link":"https:\/\/streetmarkets.fr\/app\/produit\/bob-mondarrain-chocolat\/","title":{"rendered":"Bob Mondarrain Chocolat"},"content":{"rendered":"<p>Le bob est un accessoire parfait pour se prot\u00e9ger des premiers froids ou des pluie l\u00e9g\u00e8res.<br \/>Il donne \u00e0 notre look un style un brin British chic intemporel dont on raffole.<\/p>\n<p>Ici en coton \u00e9pais en couleur chocolat : la couleur qui fait un joli comeback.<\/p>\n","protected":false},"excerpt":{"rendered":"<p>Le bob est un accessoire parfait pour se prot\u00e9ger des premiers froids ou des pluie l\u00e9g\u00e8res.Il donne \u00e0 notre look un style un brin British chic intemporel dont on raffole. Ici en coton \u00e9pais en couleur chocolat : la couleur qui fait un joli comeback.<\/p>\n","protected":false},"featured_media":3835680,"comment_status":"open","ping_status":"closed","template":"","meta":[],"product_brand":[],"product_cat":[],"product_tag":[],"acf":[],"_links":{"self":[{"href":"https:\/\/streetmarkets.fr\/app\/wp-json\/wp\/v2\/product\/3835679"}],"collection":[{"href":"https:\/\/streetmarkets.fr\/app\/wp-json\/wp\/v2\/product"}],"about":[{"href":"https:\/\/streetmarkets.fr\/app\/wp-json\/wp\/v2\/types\/product"}],"replies":[{"embeddable":true,"href":"https:\/\/streetmarkets.fr\/app\/wp-json\/wp\/v2\/comments?post=3835679"}],"wp:featuredmedia":[{"embeddable":true,"href":"https:\/\/streetmarkets.fr\/app\/wp-json\/wp\/v2\/media\/3835680"}],"wp:attachment":[{"href":"https:\/\/streetmarkets.fr\/app\/wp-json\/wp\/v2\/media?parent=3835679"}],"wp:term":[{"taxonomy":"product_brand","embeddable":true,"href":"https:\/\/streetmarkets.fr\/app\/wp-json\/wp\/v2\/product_brand?post=3835679"},{"taxonomy":"product_cat","embeddable":true,"href":"https:\/\/streetmarkets.fr\/app\/wp-json\/wp\/v2\/product_cat?post=3835679"},{"taxonomy":"product_tag","embeddable":true,"href":"https:\/\/streetmarkets.fr\/app\/wp-json\/wp\/v2\/product_tag?post=3835679"}],"curies":[{"name":"wp","href":"https:\/\/api.w.org\/{rel}","templated":true}]}}