{"id":3835657,"date":"2026-03-24T00:00:10","date_gmt":"2026-03-23T23:00:10","guid":{"rendered":"https:\/\/streetmarkets.fr\/app\/produit\/boucles-balancier-pompadour-vertes\/"},"modified":"2026-05-12T00:59:59","modified_gmt":"2026-05-11T22:59:59","slug":"boucles-balancier-pompadour-vertes","status":"publish","type":"product","link":"https:\/\/streetmarkets.fr\/app\/produit\/boucles-balancier-pompadour-vertes\/","title":{"rendered":"Boucles Balancier Pompadour Vertes"},"content":{"rendered":"<p><span>Coup de c\u0153ur pour cette jolie paire de boucles d\u2019oreilles balancier.<\/span><br \/><span>Leur forme contemporaine est associ\u00e9e \u00e0 un cam\u00e9e \u00e0 l\u2019ancienne revisit\u00e9.<\/span><br \/><span>Le pendentif est entour\u00e9 de cristaux Swarovski sertis.<\/span><br \/><span>Fabriqu\u00e9 en laiton dor\u00e9, ce bijou est con\u00e7u pour durer. Le placage est sans nickel, ce qui signifie qu\u2019il convient \u00e9galement aux peaux sensibles.<\/span><\/p>\n<ul><\/ul>\n","protected":false},"excerpt":{"rendered":"<p>Coup de c\u0153ur pour cette jolie paire de boucles d\u2019oreilles balancier.Leur forme contemporaine est associ\u00e9e \u00e0 un cam\u00e9e \u00e0 l\u2019ancienne revisit\u00e9.Le pendentif est entour\u00e9 de cristaux Swarovski sertis.Fabriqu\u00e9 en laiton dor\u00e9, ce bijou est con\u00e7u pour durer. Le placage est sans nickel, ce qui signifie qu\u2019il convient \u00e9galement aux peaux sensibles.<\/p>\n","protected":false},"featured_media":3835658,"comment_status":"open","ping_status":"closed","template":"","meta":[],"product_brand":[],"product_cat":[],"product_tag":[],"acf":[],"_links":{"self":[{"href":"https:\/\/streetmarkets.fr\/app\/wp-json\/wp\/v2\/product\/3835657"}],"collection":[{"href":"https:\/\/streetmarkets.fr\/app\/wp-json\/wp\/v2\/product"}],"about":[{"href":"https:\/\/streetmarkets.fr\/app\/wp-json\/wp\/v2\/types\/product"}],"replies":[{"embeddable":true,"href":"https:\/\/streetmarkets.fr\/app\/wp-json\/wp\/v2\/comments?post=3835657"}],"wp:featuredmedia":[{"embeddable":true,"href":"https:\/\/streetmarkets.fr\/app\/wp-json\/wp\/v2\/media\/3835658"}],"wp:attachment":[{"href":"https:\/\/streetmarkets.fr\/app\/wp-json\/wp\/v2\/media?parent=3835657"}],"wp:term":[{"taxonomy":"product_brand","embeddable":true,"href":"https:\/\/streetmarkets.fr\/app\/wp-json\/wp\/v2\/product_brand?post=3835657"},{"taxonomy":"product_cat","embeddable":true,"href":"https:\/\/streetmarkets.fr\/app\/wp-json\/wp\/v2\/product_cat?post=3835657"},{"taxonomy":"product_tag","embeddable":true,"href":"https:\/\/streetmarkets.fr\/app\/wp-json\/wp\/v2\/product_tag?post=3835657"}],"curies":[{"name":"wp","href":"https:\/\/api.w.org\/{rel}","templated":true}]}}