{"id":3835643,"date":"2026-03-24T00:00:09","date_gmt":"2026-03-23T23:00:09","guid":{"rendered":"https:\/\/streetmarkets.fr\/app\/produit\/collier-zodiac\/"},"modified":"2026-05-12T00:59:59","modified_gmt":"2026-05-11T22:59:59","slug":"collier-zodiac","status":"publish","type":"product","link":"https:\/\/streetmarkets.fr\/app\/produit\/collier-zodiac\/","title":{"rendered":"Collier Zodiac"},"content":{"rendered":"<p>Les colliers Zodiac : notre signe astrologique sublim\u00e9 en bijou !<br \/>Notre collection propose une vari\u00e9t\u00e9 de designs uniques, chacun sp\u00e9cialement con\u00e7u pour incarner la personnalit\u00e9 et l&#8217;essence de chaque signe du zodiaque.<br \/>Chacun de ces bijoux\u00a0est fa\u00e7onn\u00e9 avec pr\u00e9cision \u00e0 partir de plaqu\u00e9 or laiton 24 carats, garantissant ainsi leur \u00e9clat et leur durabilit\u00e9 au fil du temps.<br \/>Ce qui change c&#8217;est d&#8217;offrir le signe zodiacal, repr\u00e9sent\u00e9 par sa constellation de zircons \u00e9clatants.<\/p>\n","protected":false},"excerpt":{"rendered":"<p>Les colliers Zodiac : notre signe astrologique sublim\u00e9 en bijou !Notre collection propose une vari\u00e9t\u00e9 de designs uniques, chacun sp\u00e9cialement con\u00e7u pour incarner la personnalit\u00e9 et l&#8217;essence de chaque signe du zodiaque.Chacun de ces bijoux\u00a0est fa\u00e7onn\u00e9 avec pr\u00e9cision \u00e0 partir de plaqu\u00e9 or laiton 24 carats, garantissant ainsi leur \u00e9clat et leur durabilit\u00e9 au fil [&hellip;]<\/p>\n","protected":false},"featured_media":3835644,"comment_status":"open","ping_status":"closed","template":"","meta":[],"product_brand":[],"product_cat":[],"product_tag":[],"acf":[],"_links":{"self":[{"href":"https:\/\/streetmarkets.fr\/app\/wp-json\/wp\/v2\/product\/3835643"}],"collection":[{"href":"https:\/\/streetmarkets.fr\/app\/wp-json\/wp\/v2\/product"}],"about":[{"href":"https:\/\/streetmarkets.fr\/app\/wp-json\/wp\/v2\/types\/product"}],"replies":[{"embeddable":true,"href":"https:\/\/streetmarkets.fr\/app\/wp-json\/wp\/v2\/comments?post=3835643"}],"wp:featuredmedia":[{"embeddable":true,"href":"https:\/\/streetmarkets.fr\/app\/wp-json\/wp\/v2\/media\/3835644"}],"wp:attachment":[{"href":"https:\/\/streetmarkets.fr\/app\/wp-json\/wp\/v2\/media?parent=3835643"}],"wp:term":[{"taxonomy":"product_brand","embeddable":true,"href":"https:\/\/streetmarkets.fr\/app\/wp-json\/wp\/v2\/product_brand?post=3835643"},{"taxonomy":"product_cat","embeddable":true,"href":"https:\/\/streetmarkets.fr\/app\/wp-json\/wp\/v2\/product_cat?post=3835643"},{"taxonomy":"product_tag","embeddable":true,"href":"https:\/\/streetmarkets.fr\/app\/wp-json\/wp\/v2\/product_tag?post=3835643"}],"curies":[{"name":"wp","href":"https:\/\/api.w.org\/{rel}","templated":true}]}}