{"id":3835586,"date":"2026-03-23T23:59:53","date_gmt":"2026-03-23T22:59:53","guid":{"rendered":"https:\/\/streetmarkets.fr\/app\/produit\/vase-molly-colonne\/"},"modified":"2026-05-15T01:00:34","modified_gmt":"2026-05-14T23:00:34","slug":"vase-molly-colonne","status":"publish","type":"product","link":"https:\/\/streetmarkets.fr\/app\/produit\/vase-molly-colonne\/","title":{"rendered":"Vase Molly Colonne"},"content":{"rendered":"<\/p>\n<p data-start=\"0\" data-end=\"59\" class=\"\">Mini vase Molly Colonne : la colonne qui d\u00e9tonne !<br \/>Le vase Molly Colonne, c\u2019est l\u2019autre p\u00e9pite en gr\u00e8s mat couleur naturelle qu\u2019on attendait pas\u2026 mais qu\u2019on adore d\u00e9j\u00e0. Avec sa silhouette verticale et ses lignes pures, il insuffle instantan\u00e9ment une vibe contemporaine et structur\u00e9e \u00e0 nos espaces.<\/p>\n<p data-start=\"321\" data-end=\"565\" class=\"\">Son int\u00e9rieur \u00e9maill\u00e9 est pr\u00eat \u00e0 accueillir eau et fleurs, mais on l\u2019aime tout autant en objet d\u00e9co solo. Pos\u00e9 en duo avec l\u2019Arche ou en solo sur une \u00e9tag\u00e8re, un bureau ou une console, il cr\u00e9e un point focal styl\u00e9 qui ne passe pas inaper\u00e7u.<\/p>\n<p data-start=\"567\" data-end=\"713\" class=\"\">Pour qui ? Les fans de pi\u00e8ces au design minimal mais impactant, les amateurs de formes architecturales et les explorateurs de d\u00e9co pointue.<\/p>\n<p data-start=\"715\" data-end=\"734\" class=\"\">On kiffe :<br \/>&#8211; Sa\u00a0forme colonne qui joue la carte du graphique<br \/>&#8211; Son\u00a0format compact hyper versatile<br \/>&#8211; Sa\u00a0mati\u00e8re naturelle qui apporte chaleur et authenticit\u00e9<\/p>\n<p data-start=\"901\" data-end=\"1007\" class=\"\">Adoptons le vase Molly Colonne pour booster nos compositions florales et upgrader notre d\u00e9co en un clin d\u2019\u0153il !<\/p>\n","protected":false},"excerpt":{"rendered":"<p>Mini vase Molly Colonne : la colonne qui d\u00e9tonne !Le vase Molly Colonne, c\u2019est l\u2019autre p\u00e9pite en gr\u00e8s mat couleur naturelle qu\u2019on attendait pas\u2026 mais qu\u2019on adore d\u00e9j\u00e0. Avec sa silhouette verticale et ses lignes pures, il insuffle instantan\u00e9ment une vibe contemporaine et structur\u00e9e \u00e0 nos espaces. Son int\u00e9rieur \u00e9maill\u00e9 est pr\u00eat \u00e0 accueillir eau [&hellip;]<\/p>\n","protected":false},"featured_media":3835587,"comment_status":"open","ping_status":"closed","template":"","meta":[],"product_brand":[],"product_cat":[],"product_tag":[],"acf":[],"_links":{"self":[{"href":"https:\/\/streetmarkets.fr\/app\/wp-json\/wp\/v2\/product\/3835586"}],"collection":[{"href":"https:\/\/streetmarkets.fr\/app\/wp-json\/wp\/v2\/product"}],"about":[{"href":"https:\/\/streetmarkets.fr\/app\/wp-json\/wp\/v2\/types\/product"}],"replies":[{"embeddable":true,"href":"https:\/\/streetmarkets.fr\/app\/wp-json\/wp\/v2\/comments?post=3835586"}],"wp:featuredmedia":[{"embeddable":true,"href":"https:\/\/streetmarkets.fr\/app\/wp-json\/wp\/v2\/media\/3835587"}],"wp:attachment":[{"href":"https:\/\/streetmarkets.fr\/app\/wp-json\/wp\/v2\/media?parent=3835586"}],"wp:term":[{"taxonomy":"product_brand","embeddable":true,"href":"https:\/\/streetmarkets.fr\/app\/wp-json\/wp\/v2\/product_brand?post=3835586"},{"taxonomy":"product_cat","embeddable":true,"href":"https:\/\/streetmarkets.fr\/app\/wp-json\/wp\/v2\/product_cat?post=3835586"},{"taxonomy":"product_tag","embeddable":true,"href":"https:\/\/streetmarkets.fr\/app\/wp-json\/wp\/v2\/product_tag?post=3835586"}],"curies":[{"name":"wp","href":"https:\/\/api.w.org\/{rel}","templated":true}]}}