{"id":3835565,"date":"2026-03-23T23:59:52","date_gmt":"2026-03-23T22:59:52","guid":{"rendered":"https:\/\/streetmarkets.fr\/app\/produit\/vase-oiseau-caramel\/"},"modified":"2026-05-10T00:59:42","modified_gmt":"2026-05-09T22:59:42","slug":"vase-oiseau-caramel","status":"publish","type":"product","link":"https:\/\/streetmarkets.fr\/app\/produit\/vase-oiseau-caramel\/","title":{"rendered":"Vase Oiseau Caramel"},"content":{"rendered":"<p data-start=\"111\" data-end=\"151\">Vase en gr\u00e8s ray\u00e9 \u2013 design oiseau.<br \/>Gros coup de c\u0153ur pour ce vase en gr\u00e8s aux rayures caramel et blanches ! <br \/>Il mixe \u00e0 merveille modernit\u00e9 et chaleur, avec un twist fun qu\u2019on adore : un petit bec et des cils d\u2019oiseau , note d\u00e9cal\u00e9e et pleine de charme.<\/p>\n<p data-start=\"401\" data-end=\"621\" class=\"\">Il accueille nos bouquets de fleurs fra\u00eeches, nos compos florales s\u00e9ch\u00e9es\u2026 ou il se suffit \u00e0 lui-m\u00eame comme objet d\u00e9co.\u00a0<\/p>\n<p data-start=\"754\" data-end=\"914\" class=\"\">\u00a0On aime :<br data-start=\"765\" data-end=\"768\">\u2013 son look graphique et original<br data-start=\"800\" data-end=\"803\">\u2013 sa mati\u00e8re en gr\u00e8s qui lui donne une vraie pr\u00e9sence<br data-start=\"860\" data-end=\"863\">\u2013 et ce d\u00e9tail oiseau si cute.<\/p>\n<p data-start=\"754\" data-end=\"914\" class=\"\">Car oui, aujourd\u2019hui, les vases design ont toute leur place, m\u00eame \u00e0 vide !<\/p>\n","protected":false},"excerpt":{"rendered":"<p>Vase en gr\u00e8s ray\u00e9 \u2013 design oiseau.Gros coup de c\u0153ur pour ce vase en gr\u00e8s aux rayures caramel et blanches ! Il mixe \u00e0 merveille modernit\u00e9 et chaleur, avec un twist fun qu\u2019on adore : un petit bec et des cils d\u2019oiseau , note d\u00e9cal\u00e9e et pleine de charme. Il accueille nos bouquets de fleurs [&hellip;]<\/p>\n","protected":false},"featured_media":3835566,"comment_status":"open","ping_status":"closed","template":"","meta":[],"product_brand":[],"product_cat":[],"product_tag":[],"acf":[],"_links":{"self":[{"href":"https:\/\/streetmarkets.fr\/app\/wp-json\/wp\/v2\/product\/3835565"}],"collection":[{"href":"https:\/\/streetmarkets.fr\/app\/wp-json\/wp\/v2\/product"}],"about":[{"href":"https:\/\/streetmarkets.fr\/app\/wp-json\/wp\/v2\/types\/product"}],"replies":[{"embeddable":true,"href":"https:\/\/streetmarkets.fr\/app\/wp-json\/wp\/v2\/comments?post=3835565"}],"wp:featuredmedia":[{"embeddable":true,"href":"https:\/\/streetmarkets.fr\/app\/wp-json\/wp\/v2\/media\/3835566"}],"wp:attachment":[{"href":"https:\/\/streetmarkets.fr\/app\/wp-json\/wp\/v2\/media?parent=3835565"}],"wp:term":[{"taxonomy":"product_brand","embeddable":true,"href":"https:\/\/streetmarkets.fr\/app\/wp-json\/wp\/v2\/product_brand?post=3835565"},{"taxonomy":"product_cat","embeddable":true,"href":"https:\/\/streetmarkets.fr\/app\/wp-json\/wp\/v2\/product_cat?post=3835565"},{"taxonomy":"product_tag","embeddable":true,"href":"https:\/\/streetmarkets.fr\/app\/wp-json\/wp\/v2\/product_tag?post=3835565"}],"curies":[{"name":"wp","href":"https:\/\/api.w.org\/{rel}","templated":true}]}}