{"id":3835557,"date":"2026-03-23T23:59:51","date_gmt":"2026-03-23T22:59:51","guid":{"rendered":"https:\/\/streetmarkets.fr\/app\/produit\/bougeoir-funny-nude-vert\/"},"modified":"2026-05-12T00:59:48","modified_gmt":"2026-05-11T22:59:48","slug":"bougeoir-funny-nude-vert","status":"publish","type":"product","link":"https:\/\/streetmarkets.fr\/app\/produit\/bougeoir-funny-nude-vert\/","title":{"rendered":"Bougeoir Funny Nude Vert"},"content":{"rendered":"<p data-start=\"117\" data-end=\"170\">Grosse love story avec ce bougeoir nude &amp; vert.\u00a0On est fan de ce bougeoir en gr\u00e8s, fa\u00e7onn\u00e9 \u00e0 la main, avec ses courbes douces et son petit twist vert qui fait toute la diff\u00e9rence. <br \/>Minimaliste, mais jamais ennuyeux, il incarne tout ce qu\u2019on aime : la po\u00e9sie des objets simples, la douceur des mati\u00e8res naturelles et ce petit d\u00e9tail arty qui fait vibrer la d\u00e9co.<\/p>\n<p data-start=\"508\" data-end=\"807\" class=\"\">Il coche toutes les cases :<br \/>\u2013 Une forme graphique toute en rondeur<br data-start=\"577\" data-end=\"580\">\u2013 Un coloris nude hyper doux, r\u00e9hauss\u00e9 par de fines ondulations vert tendre<br data-start=\"655\" data-end=\"658\">\u2013 Un style \u00e0 la fois apaisant et tr\u00e8s tendance<br data-start=\"704\" data-end=\"707\">\u2013 Et surtout, un air de slowlife assum\u00e9 : on prend le temps, on allume une bougie, on profite\u00a0<\/p>\n<p data-start=\"901\" data-end=\"1011\" class=\"\">Chez Made by Moi, on adore ces petits objets qui font du bien et transforment une \u00e9tag\u00e8re en coin bonheur.<\/p>\n","protected":false},"excerpt":{"rendered":"<p>Grosse love story avec ce bougeoir nude &amp; vert.\u00a0On est fan de ce bougeoir en gr\u00e8s, fa\u00e7onn\u00e9 \u00e0 la main, avec ses courbes douces et son petit twist vert qui fait toute la diff\u00e9rence. Minimaliste, mais jamais ennuyeux, il incarne tout ce qu\u2019on aime : la po\u00e9sie des objets simples, la douceur des mati\u00e8res naturelles [&hellip;]<\/p>\n","protected":false},"featured_media":3835558,"comment_status":"open","ping_status":"closed","template":"","meta":[],"product_brand":[],"product_cat":[],"product_tag":[],"acf":[],"_links":{"self":[{"href":"https:\/\/streetmarkets.fr\/app\/wp-json\/wp\/v2\/product\/3835557"}],"collection":[{"href":"https:\/\/streetmarkets.fr\/app\/wp-json\/wp\/v2\/product"}],"about":[{"href":"https:\/\/streetmarkets.fr\/app\/wp-json\/wp\/v2\/types\/product"}],"replies":[{"embeddable":true,"href":"https:\/\/streetmarkets.fr\/app\/wp-json\/wp\/v2\/comments?post=3835557"}],"wp:featuredmedia":[{"embeddable":true,"href":"https:\/\/streetmarkets.fr\/app\/wp-json\/wp\/v2\/media\/3835558"}],"wp:attachment":[{"href":"https:\/\/streetmarkets.fr\/app\/wp-json\/wp\/v2\/media?parent=3835557"}],"wp:term":[{"taxonomy":"product_brand","embeddable":true,"href":"https:\/\/streetmarkets.fr\/app\/wp-json\/wp\/v2\/product_brand?post=3835557"},{"taxonomy":"product_cat","embeddable":true,"href":"https:\/\/streetmarkets.fr\/app\/wp-json\/wp\/v2\/product_cat?post=3835557"},{"taxonomy":"product_tag","embeddable":true,"href":"https:\/\/streetmarkets.fr\/app\/wp-json\/wp\/v2\/product_tag?post=3835557"}],"curies":[{"name":"wp","href":"https:\/\/api.w.org\/{rel}","templated":true}]}}