{"id":3835537,"date":"2026-03-23T23:59:49","date_gmt":"2026-03-23T22:59:49","guid":{"rendered":"https:\/\/streetmarkets.fr\/app\/produit\/2-tasses-vintage-set-1\/"},"modified":"2026-05-12T00:59:48","modified_gmt":"2026-05-11T22:59:48","slug":"2-tasses-vintage-set-1","status":"publish","type":"product","link":"https:\/\/streetmarkets.fr\/app\/produit\/2-tasses-vintage-set-1\/","title":{"rendered":"2 Tasses Vintage Set 1"},"content":{"rendered":"<p>On \u00e9voque le charme des \u00e9poques pass\u00e9es avec ce joli set de tasses \u00e0 caf\u00e9 en Arcopal.<br \/>Chaque tasse, d&#8217;un blanc immacul\u00e9, est orn\u00e9e d&#8217;un d\u00e9licat liser\u00e9 dor\u00e9 et d&#8217;un dessin d\u00e9taill\u00e9 de voiture ancienne, \u00e9voquant les \u00e9l\u00e9gantes automobiles du d\u00e9but du XX\u00e8me si\u00e8cle.<br \/>L&#8217;Arcopal, reconnu pour sa r\u00e9sistance et sa l\u00e9g\u00e8ret\u00e9, garantit une utilisation durable et agr\u00e9able.<br \/>Le set comprend \u00e9galement des coupelles assorties, parfaites pour compl\u00e9ter ces tasses.<\/p>\n","protected":false},"excerpt":{"rendered":"<p>On \u00e9voque le charme des \u00e9poques pass\u00e9es avec ce joli set de tasses \u00e0 caf\u00e9 en Arcopal.Chaque tasse, d&#8217;un blanc immacul\u00e9, est orn\u00e9e d&#8217;un d\u00e9licat liser\u00e9 dor\u00e9 et d&#8217;un dessin d\u00e9taill\u00e9 de voiture ancienne, \u00e9voquant les \u00e9l\u00e9gantes automobiles du d\u00e9but du XX\u00e8me si\u00e8cle.L&#8217;Arcopal, reconnu pour sa r\u00e9sistance et sa l\u00e9g\u00e8ret\u00e9, garantit une utilisation durable et [&hellip;]<\/p>\n","protected":false},"featured_media":3835538,"comment_status":"open","ping_status":"closed","template":"","meta":[],"product_brand":[],"product_cat":[],"product_tag":[],"acf":[],"_links":{"self":[{"href":"https:\/\/streetmarkets.fr\/app\/wp-json\/wp\/v2\/product\/3835537"}],"collection":[{"href":"https:\/\/streetmarkets.fr\/app\/wp-json\/wp\/v2\/product"}],"about":[{"href":"https:\/\/streetmarkets.fr\/app\/wp-json\/wp\/v2\/types\/product"}],"replies":[{"embeddable":true,"href":"https:\/\/streetmarkets.fr\/app\/wp-json\/wp\/v2\/comments?post=3835537"}],"wp:featuredmedia":[{"embeddable":true,"href":"https:\/\/streetmarkets.fr\/app\/wp-json\/wp\/v2\/media\/3835538"}],"wp:attachment":[{"href":"https:\/\/streetmarkets.fr\/app\/wp-json\/wp\/v2\/media?parent=3835537"}],"wp:term":[{"taxonomy":"product_brand","embeddable":true,"href":"https:\/\/streetmarkets.fr\/app\/wp-json\/wp\/v2\/product_brand?post=3835537"},{"taxonomy":"product_cat","embeddable":true,"href":"https:\/\/streetmarkets.fr\/app\/wp-json\/wp\/v2\/product_cat?post=3835537"},{"taxonomy":"product_tag","embeddable":true,"href":"https:\/\/streetmarkets.fr\/app\/wp-json\/wp\/v2\/product_tag?post=3835537"}],"curies":[{"name":"wp","href":"https:\/\/api.w.org\/{rel}","templated":true}]}}