{"id":3835529,"date":"2026-03-23T23:59:49","date_gmt":"2026-03-23T22:59:49","guid":{"rendered":"https:\/\/streetmarkets.fr\/app\/produit\/saladier-tangier-orange\/"},"modified":"2026-05-15T01:00:34","modified_gmt":"2026-05-14T23:00:34","slug":"saladier-tangier-orange","status":"publish","type":"product","link":"https:\/\/streetmarkets.fr\/app\/produit\/saladier-tangier-orange\/","title":{"rendered":"Saladier Tangier Orange"},"content":{"rendered":"<p>On craque pour ce saladier en gr\u00e8s fait main !<br \/>Sa couleur orange douce, ses motifs floraux fun et d\u00e9licats\u2026 tout est l\u00e0 pour booster notre d\u00e9co de table en un clin d&#8217;\u0153il.<br \/>Il apporte une touche arty et joyeuse \u00e0 nos repas, et notre d\u00e9co de table.<\/p>\n","protected":false},"excerpt":{"rendered":"<p>On craque pour ce saladier en gr\u00e8s fait main !Sa couleur orange douce, ses motifs floraux fun et d\u00e9licats\u2026 tout est l\u00e0 pour booster notre d\u00e9co de table en un clin d&#8217;\u0153il.Il apporte une touche arty et joyeuse \u00e0 nos repas, et notre d\u00e9co de table.<\/p>\n","protected":false},"featured_media":3835530,"comment_status":"open","ping_status":"closed","template":"","meta":[],"product_brand":[],"product_cat":[],"product_tag":[],"acf":[],"_links":{"self":[{"href":"https:\/\/streetmarkets.fr\/app\/wp-json\/wp\/v2\/product\/3835529"}],"collection":[{"href":"https:\/\/streetmarkets.fr\/app\/wp-json\/wp\/v2\/product"}],"about":[{"href":"https:\/\/streetmarkets.fr\/app\/wp-json\/wp\/v2\/types\/product"}],"replies":[{"embeddable":true,"href":"https:\/\/streetmarkets.fr\/app\/wp-json\/wp\/v2\/comments?post=3835529"}],"wp:featuredmedia":[{"embeddable":true,"href":"https:\/\/streetmarkets.fr\/app\/wp-json\/wp\/v2\/media\/3835530"}],"wp:attachment":[{"href":"https:\/\/streetmarkets.fr\/app\/wp-json\/wp\/v2\/media?parent=3835529"}],"wp:term":[{"taxonomy":"product_brand","embeddable":true,"href":"https:\/\/streetmarkets.fr\/app\/wp-json\/wp\/v2\/product_brand?post=3835529"},{"taxonomy":"product_cat","embeddable":true,"href":"https:\/\/streetmarkets.fr\/app\/wp-json\/wp\/v2\/product_cat?post=3835529"},{"taxonomy":"product_tag","embeddable":true,"href":"https:\/\/streetmarkets.fr\/app\/wp-json\/wp\/v2\/product_tag?post=3835529"}],"curies":[{"name":"wp","href":"https:\/\/api.w.org\/{rel}","templated":true}]}}